{"id":14,"date":"2026-02-04T13:18:55","date_gmt":"2026-02-04T13:18:55","guid":{"rendered":"https:\/\/tradepark.com.br\/new\/?page_id=14"},"modified":"2026-02-20T18:52:13","modified_gmt":"2026-02-20T18:52:13","slug":"galpoes","status":"publish","type":"page","link":"https:\/\/tradepark.com.br\/new\/galpoes\/","title":{"rendered":"Galp\u00f5es"},"content":{"rendered":"\t\t<div data-elementor-type=\"wp-page\" data-elementor-id=\"14\" class=\"elementor elementor-14\">\n\t\t\t\t<div class=\"elementor-element elementor-element-28d42d03 e-con-full e-flex wpr-particle-no wpr-jarallax-no wpr-parallax-no wpr-sticky-section-no e-con e-parent\" data-id=\"28d42d03\" data-element_type=\"container\" data-e-type=\"container\">\n\t\t\t\t<div class=\"elementor-element elementor-element-3d924eff elementor-widget elementor-widget-html\" data-id=\"3d924eff\" data-element_type=\"widget\" data-e-type=\"widget\" data-widget_type=\"html.default\">\n\t\t\t\t\t<style type=\"text\/css\">\r\n html {\r\n  scroll-behavior: smooth;\r\n}\r\n\r\n\/* ============================= *\/\r\n\/* SE\u00c7\u00c3O PARALLAX *\/\r\n\/* ============================= *\/\r\n\r\n.parallax-section {\r\n  position: relative;\r\n  min-height: 70vh;\r\n  overflow: hidden;\r\n  display: flex;\r\n  align-items: center;\r\n  justify-content: center;\r\n  color: white;\r\n}\r\n\r\n\/* IMAGEM DE FUNDO *\/\r\n.parallax-bg {\r\n  position: absolute;\r\n  inset: 0;\r\n  background-image: url('https:\/\/tradepark.com.br\/new\/wp-content\/uploads\/2026\/02\/galpao.webp');\r\n  background-size: cover;\r\n  background-position: center;\r\n  transform: translateY(0) scale(1.05);\r\n  will-change: transform;\r\n  z-index: -2;\r\n  transition: transform 0.2s linear;\r\n}\r\n\r\n\/* OVERLAY GRADIENTE *\/\r\n.parallax-section::after {\r\n  content: \"\";\r\n  position: absolute;\r\n  inset: 0;\r\n  background: linear-gradient(\r\n    to bottom,\r\n    rgba(0,0,0,0.6),\r\n    rgba(0,0,0,0.3)\r\n  );\r\n  z-index: -1;\r\n}\r\n\r\n\/* CONTE\u00daDO *\/\r\n.content {\r\n  max-width: 800px;\r\n  padding: 60px;\r\n  text-align: center;\r\n\r\n  opacity: 0;\r\n  transform: translateY(50px);\r\n  transition: all 1s ease;\r\n}\r\n\r\n.content.visible {\r\n  opacity: 1;\r\n  transform: translateY(0);\r\n}\r\n\r\n.content h1 {\r\n  font-size: 3rem;\r\n  margin-bottom: 20px;\r\n}\r\n\r\n.content p {\r\n  font-size: 1.2rem;\r\n}\r\n\r\n\/* SE\u00c7\u00c3O NORMAL ABAIXO *\/\r\n.normal-section {\r\n  padding: 120px 20px;\r\n  background: #f4f4f4;\r\n  text-align: center;\r\n}\r\n    \r\n<\/style>\r\n\r\n\r\n<section class=\"parallax-section\">\r\n  <div class=\"parallax-bg\"><\/div>\r\n\r\n  <div class=\"content\">\r\n    <h1>Galp\u00f5es empresariais prontos para opera\u00e7\u00f5es de alto desempenho.<\/h1>\r\n    <p>\r\n      M\u00f3dulos flex\u00edveis, infraestrutura preparada e localiza\u00e7\u00e3o estrat\u00e9gica na BR-101 para empresas que exigem efici\u00eancia log\u00edstica.\r\n    <\/p>\r\n  <\/div>\r\n<\/section>\r\n\r\n\r\n<script>\r\n\/* ============================= *\/\r\n\/* PARALLAX SUAVE *\/\r\n\/* ============================= *\/\r\n\r\nconst parallaxBg = document.querySelector('.parallax-bg');\r\n\r\nwindow.addEventListener('scroll', () => {\r\n  let scrollPosition = window.pageYOffset;\r\n\r\n  \/\/ Movimento vertical suave\r\n  parallaxBg.style.transform =\r\n    `translateY(${scrollPosition * 0.3}px) scale(1.05)`;\r\n});\r\n\r\n\/* ============================= *\/\r\n\/* FADE IN AO ENTRAR NA VIEWPORT *\/\r\n\/* ============================= *\/\r\n\r\nconst content = document.querySelector('.content');\r\n\r\nconst observer = new IntersectionObserver((entries) => {\r\n  entries.forEach(entry => {\r\n    if (entry.isIntersecting) {\r\n      content.classList.add('visible');\r\n    }\r\n  });\r\n}, {\r\n  threshold: 0.3\r\n});\r\n\r\nobserver.observe(content);\r\n\r\n<\/script>\t\t\t\t<\/div>\n\t\t\t\t<\/div>\n\t\t<div class=\"elementor-element elementor-element-7e7007e0 e-flex e-con-boxed wpr-particle-no wpr-jarallax-no wpr-parallax-no wpr-sticky-section-no e-con e-parent\" data-id=\"7e7007e0\" data-element_type=\"container\" data-e-type=\"container\" data-settings=\"{&quot;background_background&quot;:&quot;classic&quot;}\">\n\t\t\t\t\t<div class=\"e-con-inner\">\n\t\t<div class=\"elementor-element elementor-element-24f8296f e-con-full e-flex wpr-particle-no wpr-jarallax-no wpr-parallax-no wpr-sticky-section-no e-con e-child\" data-id=\"24f8296f\" data-element_type=\"container\" data-e-type=\"container\">\n\t\t\t\t<div class=\"elementor-element elementor-element-58479216 elementor-invisible elementor-widget elementor-widget-image\" data-id=\"58479216\" data-element_type=\"widget\" data-e-type=\"widget\" data-settings=\"{&quot;_animation&quot;:&quot;fadeInLeft&quot;}\" data-widget_type=\"image.default\">\n\t\t\t\t\t\t\t\t\t\t\t\t\t\t\t<img fetchpriority=\"high\" decoding=\"async\" width=\"2400\" height=\"1350\" src=\"https:\/\/tradepark.com.br\/new\/wp-content\/uploads\/2026\/02\/DJI_0509-31.webp\" class=\"attachment-full size-full wp-image-314\" alt=\"\" srcset=\"https:\/\/tradepark.com.br\/new\/wp-content\/uploads\/2026\/02\/DJI_0509-31.webp 2400w, https:\/\/tradepark.com.br\/new\/wp-content\/uploads\/2026\/02\/DJI_0509-31-300x169.webp 300w, https:\/\/tradepark.com.br\/new\/wp-content\/uploads\/2026\/02\/DJI_0509-31-1024x576.webp 1024w, https:\/\/tradepark.com.br\/new\/wp-content\/uploads\/2026\/02\/DJI_0509-31-768x432.webp 768w, https:\/\/tradepark.com.br\/new\/wp-content\/uploads\/2026\/02\/DJI_0509-31-1536x864.webp 1536w, https:\/\/tradepark.com.br\/new\/wp-content\/uploads\/2026\/02\/DJI_0509-31-2048x1152.webp 2048w\" sizes=\"(max-width: 2400px) 100vw, 2400px\" \/>\t\t\t\t\t\t\t\t\t\t\t\t\t\t\t<\/div>\n\t\t\t\t<\/div>\n\t\t<div class=\"elementor-element elementor-element-533df1a9 e-con-full e-flex wpr-particle-no wpr-jarallax-no wpr-parallax-no wpr-sticky-section-no e-con e-child\" data-id=\"533df1a9\" data-element_type=\"container\" data-e-type=\"container\">\n\t\t\t\t<div class=\"elementor-element elementor-element-d6604c5 elementor-widget elementor-widget-text-editor\" data-id=\"d6604c5\" data-element_type=\"widget\" data-e-type=\"widget\" data-widget_type=\"text-editor.default\">\n\t\t\t\t\t\t\t\t\tMais que um galp\u00e3o. Uma <em>base estrat\u00e9gica<\/em> para crescimento.\t\t\t\t\t\t\t\t<\/div>\n\t\t\t\t<div class=\"elementor-element elementor-element-6fcc6c5 elementor-widget elementor-widget-text-editor\" data-id=\"6fcc6c5\" data-element_type=\"widget\" data-e-type=\"widget\" data-widget_type=\"text-editor.default\">\n\t\t\t\t\t\t\t\t\tA melhor op\u00e7\u00e3o de armazenagem para quem busca organiza\u00e7\u00e3o e rentabilidade dos neg\u00f3cios.\t\t\t\t\t\t\t\t<\/div>\n\t\t\t\t<div class=\"elementor-element elementor-element-55db0471 elementor-widget elementor-widget-text-editor\" data-id=\"55db0471\" data-element_type=\"widget\" data-e-type=\"widget\" data-widget_type=\"text-editor.default\">\n\t\t\t\t\t\t\t\t\tInstalar sua opera\u00e7\u00e3o no Tradepark significa reduzir deslocamentos, ganhar agilidade log\u00edstica e operar em um ambiente empresarial organizado e seguro.\t\t\t\t\t\t\t\t<\/div>\n\t\t\t\t<\/div>\n\t\t\t\t\t<\/div>\n\t\t\t\t<\/div>\n\t\t<div class=\"elementor-element elementor-element-8f3f6d3 e-flex e-con-boxed wpr-particle-no wpr-jarallax-no wpr-parallax-no wpr-sticky-section-no elementor-invisible e-con e-parent\" data-id=\"8f3f6d3\" data-element_type=\"container\" data-e-type=\"container\" data-settings=\"{&quot;background_background&quot;:&quot;classic&quot;,&quot;animation&quot;:&quot;fadeIn&quot;}\">\n\t\t\t\t\t<div class=\"e-con-inner\">\n\t\t<div class=\"elementor-element elementor-element-bd7d1f1 e-con-full e-flex wpr-particle-no wpr-jarallax-no wpr-parallax-no wpr-sticky-section-no elementor-invisible e-con e-child\" data-id=\"bd7d1f1\" data-element_type=\"container\" data-e-type=\"container\" data-settings=\"{&quot;animation&quot;:&quot;fadeIn&quot;,&quot;animation_delay&quot;:500}\">\n\t\t\t\t<div class=\"elementor-element elementor-element-481d746 elementor-widget elementor-widget-text-editor\" data-id=\"481d746\" data-element_type=\"widget\" data-e-type=\"widget\" data-widget_type=\"text-editor.default\">\n\t\t\t\t\t\t\t\t\tM\u00f3dulos de 10.000m\u00b2\t\t\t\t\t\t\t\t<\/div>\n\t\t\t\t<div class=\"elementor-element elementor-element-ee2db2c elementor-widget elementor-widget-text-editor\" data-id=\"ee2db2c\" data-element_type=\"widget\" data-e-type=\"widget\" data-widget_type=\"text-editor.default\">\n\t\t\t\t\t\t\t\t\tcom fra\u00e7\u00f5es m\u00ednimas de 1.250m\u00b2.\t\t\t\t\t\t\t\t<\/div>\n\t\t\t\t<\/div>\n\t\t<div class=\"elementor-element elementor-element-66b4f8e e-con-full e-flex wpr-particle-no wpr-jarallax-no wpr-parallax-no wpr-sticky-section-no elementor-invisible e-con e-child\" data-id=\"66b4f8e\" data-element_type=\"container\" data-e-type=\"container\" data-settings=\"{&quot;animation&quot;:&quot;fadeIn&quot;,&quot;animation_delay&quot;:1500}\">\n\t\t\t\t<div class=\"elementor-element elementor-element-de0fe66 elementor-widget elementor-widget-image\" data-id=\"de0fe66\" data-element_type=\"widget\" data-e-type=\"widget\" data-widget_type=\"image.default\">\n\t\t\t\t\t\t\t\t\t\t\t\t\t\t\t<img decoding=\"async\" width=\"1200\" height=\"1047\" src=\"https:\/\/tradepark.com.br\/new\/wp-content\/uploads\/2026\/02\/152614322.webp\" class=\"attachment-full size-full wp-image-321\" alt=\"\" srcset=\"https:\/\/tradepark.com.br\/new\/wp-content\/uploads\/2026\/02\/152614322.webp 1200w, https:\/\/tradepark.com.br\/new\/wp-content\/uploads\/2026\/02\/152614322-300x262.webp 300w, https:\/\/tradepark.com.br\/new\/wp-content\/uploads\/2026\/02\/152614322-1024x893.webp 1024w, https:\/\/tradepark.com.br\/new\/wp-content\/uploads\/2026\/02\/152614322-768x670.webp 768w\" sizes=\"(max-width: 1200px) 100vw, 1200px\" \/>\t\t\t\t\t\t\t\t\t\t\t\t\t\t\t<\/div>\n\t\t\t\t<\/div>\n\t\t<div class=\"elementor-element elementor-element-20ca45b e-con-full e-flex wpr-particle-no wpr-jarallax-no wpr-parallax-no wpr-sticky-section-no elementor-invisible e-con e-child\" data-id=\"20ca45b\" data-element_type=\"container\" data-e-type=\"container\" data-settings=\"{&quot;animation&quot;:&quot;fadeIn&quot;,&quot;animation_delay&quot;:1000}\">\n\t\t\t\t<div class=\"elementor-element elementor-element-f7215db elementor-widget elementor-widget-text-editor\" data-id=\"f7215db\" data-element_type=\"widget\" data-e-type=\"widget\" data-widget_type=\"text-editor.default\">\n\t\t\t\t\t\t\t\t\tM\u00f3dulos de 20.000m\u00b2\t\t\t\t\t\t\t\t<\/div>\n\t\t\t\t<div class=\"elementor-element elementor-element-0a7a1b7 elementor-widget elementor-widget-text-editor\" data-id=\"0a7a1b7\" data-element_type=\"widget\" data-e-type=\"widget\" data-widget_type=\"text-editor.default\">\n\t\t\t\t\t\t\t\t\tcom fra\u00e7\u00f5es m\u00ednimas de 2.500m\u00b2.\t\t\t\t\t\t\t\t<\/div>\n\t\t\t\t<\/div>\n\t\t\t\t\t<\/div>\n\t\t\t\t<\/div>\n\t\t<div class=\"elementor-element elementor-element-399e890f e-flex e-con-boxed wpr-particle-no wpr-jarallax-no wpr-parallax-no wpr-sticky-section-no e-con e-parent\" data-id=\"399e890f\" data-element_type=\"container\" data-e-type=\"container\">\n\t\t\t\t\t<div class=\"e-con-inner\">\n\t\t<div class=\"elementor-element elementor-element-2434861e e-con-full e-flex wpr-particle-no wpr-jarallax-no wpr-parallax-no wpr-sticky-section-no e-con e-child\" data-id=\"2434861e\" data-element_type=\"container\" data-e-type=\"container\">\n\t\t\t\t<div class=\"elementor-element elementor-element-5db62c5f elementor-widget elementor-widget-text-editor\" data-id=\"5db62c5f\" data-element_type=\"widget\" data-e-type=\"widget\" data-widget_type=\"text-editor.default\">\n\t\t\t\t\t\t\t\t\tInfraestrutura completa de <em>servi\u00e7os e seguran\u00e7a.<\/em>\t\t\t\t\t\t\t\t<\/div>\n\t\t\t\t<div class=\"elementor-element elementor-element-937bffd elementor-widget elementor-widget-text-editor\" data-id=\"937bffd\" data-element_type=\"widget\" data-e-type=\"widget\" data-widget_type=\"text-editor.default\">\n\t\t\t\t\t\t\t\t\t<ul> <li>Padr\u00e3o internacional de constru\u00e7\u00e3o;<\/li> <li>Docas individuais para cada m\u00f3dulo;<\/li> <li>P\u00e9 direito de 8m a 14m;<\/li> <li>Piso protendido para 6ton.\/m\u00b2;<\/li> <li>\u00c1rea constru\u00edda com mais de 50.000m\u00b2 de galp\u00f5es.<\/li> <\/ul>\t\t\t\t\t\t\t\t<\/div>\n\t\t\t\t<\/div>\n\t\t<div class=\"elementor-element elementor-element-5efdb7e0 e-con-full e-flex wpr-particle-no wpr-jarallax-no wpr-parallax-no wpr-sticky-section-no e-con e-child\" data-id=\"5efdb7e0\" data-element_type=\"container\" data-e-type=\"container\">\n\t\t\t\t<div class=\"elementor-element elementor-element-24e2c5a7 elementor-absolute animated-fast elementor-invisible elementor-widget elementor-widget-image\" data-id=\"24e2c5a7\" data-element_type=\"widget\" data-e-type=\"widget\" data-settings=\"{&quot;_position&quot;:&quot;absolute&quot;,&quot;_animation&quot;:&quot;fadeInUp&quot;,&quot;_animation_delay&quot;:500}\" data-widget_type=\"image.default\">\n\t\t\t\t\t\t\t\t\t\t\t\t\t\t\t<img decoding=\"async\" width=\"2000\" height=\"1463\" src=\"https:\/\/tradepark.com.br\/new\/wp-content\/uploads\/2026\/02\/286.webp\" class=\"attachment-full size-full wp-image-335\" alt=\"\" srcset=\"https:\/\/tradepark.com.br\/new\/wp-content\/uploads\/2026\/02\/286.webp 2000w, https:\/\/tradepark.com.br\/new\/wp-content\/uploads\/2026\/02\/286-300x219.webp 300w, https:\/\/tradepark.com.br\/new\/wp-content\/uploads\/2026\/02\/286-1024x749.webp 1024w, https:\/\/tradepark.com.br\/new\/wp-content\/uploads\/2026\/02\/286-768x562.webp 768w, https:\/\/tradepark.com.br\/new\/wp-content\/uploads\/2026\/02\/286-1536x1124.webp 1536w\" sizes=\"(max-width: 2000px) 100vw, 2000px\" \/>\t\t\t\t\t\t\t\t\t\t\t\t\t\t\t<\/div>\n\t\t\t\t<div class=\"elementor-element elementor-element-428a7578 animated-fast elementor-invisible elementor-widget elementor-widget-image\" data-id=\"428a7578\" data-element_type=\"widget\" data-e-type=\"widget\" data-settings=\"{&quot;_animation&quot;:&quot;fadeInUp&quot;}\" data-widget_type=\"image.default\">\n\t\t\t\t\t\t\t\t\t\t\t\t\t\t\t<img loading=\"lazy\" decoding=\"async\" width=\"2000\" height=\"1342\" src=\"https:\/\/tradepark.com.br\/new\/wp-content\/uploads\/2026\/02\/80298337.webp\" class=\"attachment-full size-full wp-image-336\" alt=\"\" srcset=\"https:\/\/tradepark.com.br\/new\/wp-content\/uploads\/2026\/02\/80298337.webp 2000w, https:\/\/tradepark.com.br\/new\/wp-content\/uploads\/2026\/02\/80298337-300x201.webp 300w, https:\/\/tradepark.com.br\/new\/wp-content\/uploads\/2026\/02\/80298337-1024x687.webp 1024w, https:\/\/tradepark.com.br\/new\/wp-content\/uploads\/2026\/02\/80298337-768x515.webp 768w, https:\/\/tradepark.com.br\/new\/wp-content\/uploads\/2026\/02\/80298337-1536x1031.webp 1536w\" sizes=\"(max-width: 2000px) 100vw, 2000px\" \/>\t\t\t\t\t\t\t\t\t\t\t\t\t\t\t<\/div>\n\t\t\t\t<\/div>\n\t\t\t\t\t<\/div>\n\t\t\t\t<\/div>\n\t\t<div class=\"elementor-element elementor-element-7aafcbf e-flex e-con-boxed wpr-particle-no wpr-jarallax-no wpr-parallax-no wpr-sticky-section-no e-con e-parent\" data-id=\"7aafcbf\" data-element_type=\"container\" data-e-type=\"container\">\n\t\t\t\t\t<div class=\"e-con-inner\">\n\t\t<div class=\"elementor-element elementor-element-c0f4ad9 e-con-full e-flex wpr-particle-no wpr-jarallax-no wpr-parallax-no wpr-sticky-section-no elementor-invisible e-con e-child\" data-id=\"c0f4ad9\" data-element_type=\"container\" data-e-type=\"container\" data-settings=\"{&quot;animation&quot;:&quot;fadeInUp&quot;}\">\n\t\t\t\t<div class=\"elementor-element elementor-element-fe0801e elementor-widget elementor-widget-image\" data-id=\"fe0801e\" data-element_type=\"widget\" data-e-type=\"widget\" data-widget_type=\"image.default\">\n\t\t\t\t\t\t\t\t\t\t\t\t\t\t\t<img loading=\"lazy\" decoding=\"async\" width=\"2000\" height=\"1333\" src=\"https:\/\/tradepark.com.br\/new\/wp-content\/uploads\/2026\/02\/KAD00944-19.webp\" class=\"attachment-full size-full wp-image-527\" alt=\"\" srcset=\"https:\/\/tradepark.com.br\/new\/wp-content\/uploads\/2026\/02\/KAD00944-19.webp 2000w, https:\/\/tradepark.com.br\/new\/wp-content\/uploads\/2026\/02\/KAD00944-19-300x200.webp 300w, https:\/\/tradepark.com.br\/new\/wp-content\/uploads\/2026\/02\/KAD00944-19-1024x682.webp 1024w, https:\/\/tradepark.com.br\/new\/wp-content\/uploads\/2026\/02\/KAD00944-19-768x512.webp 768w, https:\/\/tradepark.com.br\/new\/wp-content\/uploads\/2026\/02\/KAD00944-19-1536x1024.webp 1536w\" sizes=\"(max-width: 2000px) 100vw, 2000px\" \/>\t\t\t\t\t\t\t\t\t\t\t\t\t\t\t<\/div>\n\t\t\t\t<\/div>\n\t\t<div class=\"elementor-element elementor-element-d53b653 e-con-full e-flex wpr-particle-no wpr-jarallax-no wpr-parallax-no wpr-sticky-section-no elementor-invisible e-con e-child\" data-id=\"d53b653\" data-element_type=\"container\" data-e-type=\"container\" data-settings=\"{&quot;animation&quot;:&quot;fadeInUp&quot;,&quot;animation_delay&quot;:500}\">\n\t\t\t\t<div class=\"elementor-element elementor-element-37b9713 elementor-widget elementor-widget-image\" data-id=\"37b9713\" data-element_type=\"widget\" data-e-type=\"widget\" data-widget_type=\"image.default\">\n\t\t\t\t\t\t\t\t\t\t\t\t\t\t\t<img loading=\"lazy\" decoding=\"async\" width=\"2400\" height=\"1350\" src=\"https:\/\/tradepark.com.br\/new\/wp-content\/uploads\/2026\/02\/DJI_0511-32.webp\" class=\"attachment-full size-full wp-image-522\" alt=\"\" srcset=\"https:\/\/tradepark.com.br\/new\/wp-content\/uploads\/2026\/02\/DJI_0511-32.webp 2400w, https:\/\/tradepark.com.br\/new\/wp-content\/uploads\/2026\/02\/DJI_0511-32-300x169.webp 300w, https:\/\/tradepark.com.br\/new\/wp-content\/uploads\/2026\/02\/DJI_0511-32-1024x576.webp 1024w, https:\/\/tradepark.com.br\/new\/wp-content\/uploads\/2026\/02\/DJI_0511-32-768x432.webp 768w, https:\/\/tradepark.com.br\/new\/wp-content\/uploads\/2026\/02\/DJI_0511-32-1536x864.webp 1536w, https:\/\/tradepark.com.br\/new\/wp-content\/uploads\/2026\/02\/DJI_0511-32-2048x1152.webp 2048w\" sizes=\"(max-width: 2400px) 100vw, 2400px\" \/>\t\t\t\t\t\t\t\t\t\t\t\t\t\t\t<\/div>\n\t\t\t\t<\/div>\n\t\t<div class=\"elementor-element elementor-element-c35f102 e-con-full e-flex wpr-particle-no wpr-jarallax-no wpr-parallax-no wpr-sticky-section-no elementor-invisible e-con e-child\" data-id=\"c35f102\" data-element_type=\"container\" data-e-type=\"container\" data-settings=\"{&quot;animation&quot;:&quot;fadeInUp&quot;,&quot;animation_delay&quot;:1000}\">\n\t\t\t\t<div class=\"elementor-element elementor-element-ab46928 elementor-widget elementor-widget-image\" data-id=\"ab46928\" data-element_type=\"widget\" data-e-type=\"widget\" data-widget_type=\"image.default\">\n\t\t\t\t\t\t\t\t\t\t\t\t\t\t\t<img loading=\"lazy\" decoding=\"async\" width=\"2000\" height=\"1333\" src=\"https:\/\/tradepark.com.br\/new\/wp-content\/uploads\/2026\/02\/KAD00939-15.webp\" class=\"attachment-full size-full wp-image-523\" alt=\"\" srcset=\"https:\/\/tradepark.com.br\/new\/wp-content\/uploads\/2026\/02\/KAD00939-15.webp 2000w, https:\/\/tradepark.com.br\/new\/wp-content\/uploads\/2026\/02\/KAD00939-15-300x200.webp 300w, https:\/\/tradepark.com.br\/new\/wp-content\/uploads\/2026\/02\/KAD00939-15-1024x682.webp 1024w, https:\/\/tradepark.com.br\/new\/wp-content\/uploads\/2026\/02\/KAD00939-15-768x512.webp 768w, https:\/\/tradepark.com.br\/new\/wp-content\/uploads\/2026\/02\/KAD00939-15-1536x1024.webp 1536w\" sizes=\"(max-width: 2000px) 100vw, 2000px\" \/>\t\t\t\t\t\t\t\t\t\t\t\t\t\t\t<\/div>\n\t\t\t\t<\/div>\n\t\t\t\t\t<\/div>\n\t\t\t\t<\/div>\n\t\t\t\t<\/div>\n\t\t","protected":false},"excerpt":{"rendered":"<p>Galp\u00f5es empresariais prontos para opera\u00e7\u00f5es de alto desempenho. M\u00f3dulos flex\u00edveis, infraestrutura preparada e localiza\u00e7\u00e3o estrat\u00e9gica na BR-101 para empresas que exigem efici\u00eancia log\u00edstica. Mais que um galp\u00e3o. Uma base estrat\u00e9gica para crescimento.A melhor op\u00e7\u00e3o de armazenagem para quem busca organiza\u00e7\u00e3o e rentabilidade dos neg\u00f3cios.Instalar sua opera\u00e7\u00e3o no Tradepark significa reduzir deslocamentos, ganhar agilidade log\u00edstica e operar em um ambiente empresarial organizado e seguro.M\u00f3dulos de 10.000m\u00b2com fra\u00e7\u00f5es m\u00ednimas de 1.250m\u00b2. M\u00f3dulos de 20.000m\u00b2com fra\u00e7\u00f5es m\u00ednimas de 2.500m\u00b2.Infraestrutura completa de servi\u00e7os e seguran\u00e7a. Padr\u00e3o internacional de constru\u00e7\u00e3o; Docas individuais para cada m\u00f3dulo; P\u00e9 direito de 8m a 14m; Piso protendido para 6ton.\/m\u00b2; \u00c1rea constru\u00edda com mais de 50.000m\u00b2 de galp\u00f5es.<\/p>\n","protected":false},"author":1,"featured_media":0,"parent":0,"menu_order":2,"comment_status":"closed","ping_status":"closed","template":"","meta":{"footnotes":""},"class_list":["post-14","page","type-page","status-publish","hentry"],"_hostinger_reach_plugin_has_subscription_block":false,"_hostinger_reach_plugin_is_elementor":false,"_links":{"self":[{"href":"https:\/\/tradepark.com.br\/new\/wp-json\/wp\/v2\/pages\/14","targetHints":{"allow":["GET"]}}],"collection":[{"href":"https:\/\/tradepark.com.br\/new\/wp-json\/wp\/v2\/pages"}],"about":[{"href":"https:\/\/tradepark.com.br\/new\/wp-json\/wp\/v2\/types\/page"}],"author":[{"embeddable":true,"href":"https:\/\/tradepark.com.br\/new\/wp-json\/wp\/v2\/users\/1"}],"replies":[{"embeddable":true,"href":"https:\/\/tradepark.com.br\/new\/wp-json\/wp\/v2\/comments?post=14"}],"version-history":[{"count":49,"href":"https:\/\/tradepark.com.br\/new\/wp-json\/wp\/v2\/pages\/14\/revisions"}],"predecessor-version":[{"id":539,"href":"https:\/\/tradepark.com.br\/new\/wp-json\/wp\/v2\/pages\/14\/revisions\/539"}],"wp:attachment":[{"href":"https:\/\/tradepark.com.br\/new\/wp-json\/wp\/v2\/media?parent=14"}],"curies":[{"name":"wp","href":"https:\/\/api.w.org\/{rel}","templated":true}]}}