{"id":17,"date":"2026-02-04T13:19:46","date_gmt":"2026-02-04T13:19:46","guid":{"rendered":"https:\/\/tradepark.com.br\/new\/?page_id=17"},"modified":"2026-02-20T17:57:20","modified_gmt":"2026-02-20T17:57:20","slug":"camaras-frias","status":"publish","type":"page","link":"https:\/\/tradepark.com.br\/new\/camaras-frias\/","title":{"rendered":"C\u00e2maras Frias"},"content":{"rendered":"\t\t<div data-elementor-type=\"wp-page\" data-elementor-id=\"17\" class=\"elementor elementor-17\">\n\t\t\t\t<div class=\"elementor-element elementor-element-68614ba0 e-con-full e-flex wpr-particle-no wpr-jarallax-no wpr-parallax-no wpr-sticky-section-no e-con e-parent\" data-id=\"68614ba0\" data-element_type=\"container\" data-e-type=\"container\">\n\t\t\t\t<div class=\"elementor-element elementor-element-4ea22028 elementor-widget elementor-widget-html\" data-id=\"4ea22028\" data-element_type=\"widget\" data-e-type=\"widget\" data-widget_type=\"html.default\">\n\t\t\t\t\t<style type=\"text\/css\">\r\n html {\r\n  scroll-behavior: smooth;\r\n}\r\n\r\n\/* ============================= *\/\r\n\/* SE\u00c7\u00c3O PARALLAX *\/\r\n\/* ============================= *\/\r\n\r\n.parallax-section {\r\n  position: relative;\r\n  min-height: 70vh;\r\n  overflow: hidden;\r\n  display: flex;\r\n  align-items: center;\r\n  justify-content: center;\r\n  color: white;\r\n}\r\n\r\n\/* IMAGEM DE FUNDO *\/\r\n.parallax-bg {\r\n  position: absolute;\r\n  inset: 0;\r\n  background-image: url('https:\/\/tradepark.com.br\/new\/wp-content\/uploads\/2026\/02\/camarafria.webp');\r\n  background-size: cover;\r\n  background-position: center;\r\n  transform: translateY(0) scale(1.05);\r\n  will-change: transform;\r\n  z-index: -2;\r\n  transition: transform 0.2s linear;\r\n}\r\n\r\n\/* OVERLAY GRADIENTE *\/\r\n.parallax-section::after {\r\n  content: \"\";\r\n  position: absolute;\r\n  inset: 0;\r\n  background: linear-gradient(\r\n    to bottom,\r\n    rgba(0,0,0,0.6),\r\n    rgba(0,0,0,0.3)\r\n  );\r\n  z-index: -1;\r\n}\r\n\r\n\/* CONTE\u00daDO *\/\r\n.content {\r\n  max-width: 800px;\r\n  padding: 60px;\r\n  text-align: center;\r\n\r\n  opacity: 0;\r\n  transform: translateY(50px);\r\n  transition: all 1s ease;\r\n}\r\n\r\n.content.visible {\r\n  opacity: 1;\r\n  transform: translateY(0);\r\n}\r\n\r\n.content h1 {\r\n  font-size: 3rem;\r\n  margin-bottom: 20px;\r\n}\r\n\r\n.content p {\r\n  font-size: 1.2rem;\r\n}\r\n\r\n\/* SE\u00c7\u00c3O NORMAL ABAIXO *\/\r\n.normal-section {\r\n  padding: 120px 20px;\r\n  background: #f4f4f4;\r\n  text-align: center;\r\n}\r\n    \r\n<\/style>\r\n\r\n\r\n<section class=\"parallax-section\">\r\n  <div class=\"parallax-bg\"><\/div>\r\n\r\n  <div class=\"content\">\r\n    <h1>C\u00e2maras Frias com infraestrutura preparada para opera\u00e7\u00f5es que exigem controle absoluto.<\/h1>\r\n    <p>\r\n      Ambientes projetados para armazenagem refrigerada, com seguran\u00e7a, efici\u00eancia energ\u00e9tica e localiza\u00e7\u00e3o estrat\u00e9gica na BR-101.\r\n    <\/p>\r\n  <\/div>\r\n<\/section>\r\n\r\n\r\n<script>\r\n\/* ============================= *\/\r\n\/* PARALLAX SUAVE *\/\r\n\/* ============================= *\/\r\n\r\nconst parallaxBg = document.querySelector('.parallax-bg');\r\n\r\nwindow.addEventListener('scroll', () => {\r\n  let scrollPosition = window.pageYOffset;\r\n\r\n  \/\/ Movimento vertical suave\r\n  parallaxBg.style.transform =\r\n    `translateY(${scrollPosition * 0.3}px) scale(1.05)`;\r\n});\r\n\r\n\/* ============================= *\/\r\n\/* FADE IN AO ENTRAR NA VIEWPORT *\/\r\n\/* ============================= *\/\r\n\r\nconst content = document.querySelector('.content');\r\n\r\nconst observer = new IntersectionObserver((entries) => {\r\n  entries.forEach(entry => {\r\n    if (entry.isIntersecting) {\r\n      content.classList.add('visible');\r\n    }\r\n  });\r\n}, {\r\n  threshold: 0.3\r\n});\r\n\r\nobserver.observe(content);\r\n\r\n<\/script>\t\t\t\t<\/div>\n\t\t\t\t<\/div>\n\t\t<div class=\"elementor-element elementor-element-7c2e11e4 e-flex e-con-boxed wpr-particle-no wpr-jarallax-no wpr-parallax-no wpr-sticky-section-no e-con e-parent\" data-id=\"7c2e11e4\" data-element_type=\"container\" data-e-type=\"container\">\n\t\t\t\t\t<div class=\"e-con-inner\">\n\t\t<div class=\"elementor-element elementor-element-69444bf7 e-con-full e-flex wpr-particle-no wpr-jarallax-no wpr-parallax-no wpr-sticky-section-no e-con e-child\" data-id=\"69444bf7\" data-element_type=\"container\" data-e-type=\"container\">\n\t\t\t\t<div class=\"elementor-element elementor-element-15fd9c07 elementor-widget elementor-widget-text-editor\" data-id=\"15fd9c07\" data-element_type=\"widget\" data-e-type=\"widget\" data-widget_type=\"text-editor.default\">\n\t\t\t\t\t\t\t\t\tArmazenamento com <em>controle, seguran\u00e7a e confiabilidade<\/em>\t\t\t\t\t\t\t\t<\/div>\n\t\t\t\t<div class=\"elementor-element elementor-element-43e1e5af elementor-widget elementor-widget-text-editor\" data-id=\"43e1e5af\" data-element_type=\"widget\" data-e-type=\"widget\" data-widget_type=\"text-editor.default\">\n\t\t\t\t\t\t\t\t\t<p>As c\u00e2maras frias do Trade Park foram desenvolvidas para atender opera\u00e7\u00f5es que exigem precis\u00e3o t\u00e9rmica, estabilidade estrutural e efici\u00eancia log\u00edstica.<\/p><p>Um ambiente preparado para preservar qualidade, reduzir perdas e garantir desempenho operacional.<\/p>\t\t\t\t\t\t\t\t<\/div>\n\t\t\t\t<\/div>\n\t\t<div class=\"elementor-element elementor-element-5e9c7c20 e-con-full e-flex wpr-particle-no wpr-jarallax-no wpr-parallax-no wpr-sticky-section-no e-con e-child\" data-id=\"5e9c7c20\" data-element_type=\"container\" data-e-type=\"container\">\n\t\t\t\t<div class=\"elementor-element elementor-element-1d99ab5 elementor-absolute animated-fast elementor-invisible elementor-widget elementor-widget-image\" data-id=\"1d99ab5\" data-element_type=\"widget\" data-e-type=\"widget\" data-settings=\"{&quot;_position&quot;:&quot;absolute&quot;,&quot;_animation&quot;:&quot;fadeInUp&quot;,&quot;_animation_delay&quot;:500}\" data-widget_type=\"image.default\">\n\t\t\t\t\t\t\t\t\t\t\t\t\t\t\t<img fetchpriority=\"high\" decoding=\"async\" width=\"2560\" height=\"1344\" src=\"https:\/\/tradepark.com.br\/new\/wp-content\/uploads\/2026\/02\/camarafria2.webp\" class=\"attachment-full size-full wp-image-443\" alt=\"\" srcset=\"https:\/\/tradepark.com.br\/new\/wp-content\/uploads\/2026\/02\/camarafria2.webp 2560w, https:\/\/tradepark.com.br\/new\/wp-content\/uploads\/2026\/02\/camarafria2-300x158.webp 300w, https:\/\/tradepark.com.br\/new\/wp-content\/uploads\/2026\/02\/camarafria2-1024x538.webp 1024w, https:\/\/tradepark.com.br\/new\/wp-content\/uploads\/2026\/02\/camarafria2-768x403.webp 768w, https:\/\/tradepark.com.br\/new\/wp-content\/uploads\/2026\/02\/camarafria2-1536x806.webp 1536w, https:\/\/tradepark.com.br\/new\/wp-content\/uploads\/2026\/02\/camarafria2-2048x1075.webp 2048w\" sizes=\"(max-width: 2560px) 100vw, 2560px\" \/>\t\t\t\t\t\t\t\t\t\t\t\t\t\t\t<\/div>\n\t\t\t\t<div class=\"elementor-element elementor-element-8b5d462 animated-fast elementor-invisible elementor-widget elementor-widget-image\" data-id=\"8b5d462\" data-element_type=\"widget\" data-e-type=\"widget\" data-settings=\"{&quot;_animation&quot;:&quot;fadeInUp&quot;}\" data-widget_type=\"image.default\">\n\t\t\t\t\t\t\t\t\t\t\t\t\t\t\t<img decoding=\"async\" width=\"1080\" height=\"720\" src=\"https:\/\/tradepark.com.br\/new\/wp-content\/uploads\/2026\/02\/shutterstock_170230910.webp\" class=\"attachment-full size-full wp-image-393\" alt=\"\" srcset=\"https:\/\/tradepark.com.br\/new\/wp-content\/uploads\/2026\/02\/shutterstock_170230910.webp 1080w, https:\/\/tradepark.com.br\/new\/wp-content\/uploads\/2026\/02\/shutterstock_170230910-300x200.webp 300w, https:\/\/tradepark.com.br\/new\/wp-content\/uploads\/2026\/02\/shutterstock_170230910-1024x683.webp 1024w, https:\/\/tradepark.com.br\/new\/wp-content\/uploads\/2026\/02\/shutterstock_170230910-768x512.webp 768w\" sizes=\"(max-width: 1080px) 100vw, 1080px\" \/>\t\t\t\t\t\t\t\t\t\t\t\t\t\t\t<\/div>\n\t\t\t\t<\/div>\n\t\t\t\t\t<\/div>\n\t\t\t\t<\/div>\n\t\t<div class=\"elementor-element elementor-element-9251a2b e-flex e-con-boxed wpr-particle-no wpr-jarallax-no wpr-parallax-no wpr-sticky-section-no elementor-invisible e-con e-parent\" data-id=\"9251a2b\" data-element_type=\"container\" data-e-type=\"container\" data-settings=\"{&quot;background_background&quot;:&quot;classic&quot;,&quot;animation&quot;:&quot;fadeIn&quot;}\">\n\t\t\t\t\t<div class=\"e-con-inner\">\n\t\t<div class=\"elementor-element elementor-element-59219535 e-con-full e-flex wpr-particle-no wpr-jarallax-no wpr-parallax-no wpr-sticky-section-no elementor-invisible e-con e-child\" data-id=\"59219535\" data-element_type=\"container\" data-e-type=\"container\" data-settings=\"{&quot;animation&quot;:&quot;fadeIn&quot;,&quot;animation_delay&quot;:500}\">\n\t\t\t\t<div class=\"elementor-element elementor-element-3be7513 elementor-widget elementor-widget-text-editor\" data-id=\"3be7513\" data-element_type=\"widget\" data-e-type=\"widget\" data-widget_type=\"text-editor.default\">\n\t\t\t\t\t\t\t\t\tMais de 10.000 posi\u00e7\u00f5es de pallets\t\t\t\t\t\t\t\t<\/div>\n\t\t\t\t<\/div>\n\t\t<div class=\"elementor-element elementor-element-2e7ba1dc e-con-full e-flex wpr-particle-no wpr-jarallax-no wpr-parallax-no wpr-sticky-section-no elementor-invisible e-con e-child\" data-id=\"2e7ba1dc\" data-element_type=\"container\" data-e-type=\"container\" data-settings=\"{&quot;animation&quot;:&quot;fadeIn&quot;,&quot;animation_delay&quot;:1500}\">\n\t\t\t\t<div class=\"elementor-element elementor-element-96e345a elementor-widget elementor-widget-image\" data-id=\"96e345a\" data-element_type=\"widget\" data-e-type=\"widget\" data-widget_type=\"image.default\">\n\t\t\t\t\t\t\t\t\t\t\t\t\t\t\t<img decoding=\"async\" width=\"1664\" height=\"1368\" src=\"https:\/\/tradepark.com.br\/new\/wp-content\/uploads\/2026\/02\/camarafria3.webp\" class=\"attachment-full size-full wp-image-460\" alt=\"\" srcset=\"https:\/\/tradepark.com.br\/new\/wp-content\/uploads\/2026\/02\/camarafria3.webp 1664w, https:\/\/tradepark.com.br\/new\/wp-content\/uploads\/2026\/02\/camarafria3-300x247.webp 300w, https:\/\/tradepark.com.br\/new\/wp-content\/uploads\/2026\/02\/camarafria3-1024x842.webp 1024w, https:\/\/tradepark.com.br\/new\/wp-content\/uploads\/2026\/02\/camarafria3-768x631.webp 768w, https:\/\/tradepark.com.br\/new\/wp-content\/uploads\/2026\/02\/camarafria3-1536x1263.webp 1536w\" sizes=\"(max-width: 1664px) 100vw, 1664px\" \/>\t\t\t\t\t\t\t\t\t\t\t\t\t\t\t<\/div>\n\t\t\t\t<\/div>\n\t\t<div class=\"elementor-element elementor-element-186549a9 e-con-full e-flex wpr-particle-no wpr-jarallax-no wpr-parallax-no wpr-sticky-section-no elementor-invisible e-con e-child\" data-id=\"186549a9\" data-element_type=\"container\" data-e-type=\"container\" data-settings=\"{&quot;animation&quot;:&quot;fadeIn&quot;,&quot;animation_delay&quot;:1000}\">\n\t\t\t\t<div class=\"elementor-element elementor-element-73fc6b24 elementor-widget elementor-widget-text-editor\" data-id=\"73fc6b24\" data-element_type=\"widget\" data-e-type=\"widget\" data-widget_type=\"text-editor.default\">\n\t\t\t\t\t\t\t\t\tControle de temperatura entre 10\u00baC e -30\u00baC\t\t\t\t\t\t\t\t<\/div>\n\t\t\t\t<\/div>\n\t\t\t\t\t<\/div>\n\t\t\t\t<\/div>\n\t\t<div class=\"elementor-element elementor-element-048de92 e-flex e-con-boxed wpr-particle-no wpr-jarallax-no wpr-parallax-no wpr-sticky-section-no e-con e-parent\" data-id=\"048de92\" data-element_type=\"container\" data-e-type=\"container\">\n\t\t\t\t\t<div class=\"e-con-inner\">\n\t\t<div class=\"elementor-element elementor-element-67fe3ed e-con-full e-flex wpr-particle-no wpr-jarallax-no wpr-parallax-no wpr-sticky-section-no e-con e-child\" data-id=\"67fe3ed\" data-element_type=\"container\" data-e-type=\"container\">\n\t\t\t\t<div class=\"elementor-element elementor-element-930821c elementor-absolute animated-fast elementor-invisible elementor-widget elementor-widget-image\" data-id=\"930821c\" data-element_type=\"widget\" data-e-type=\"widget\" data-settings=\"{&quot;_position&quot;:&quot;absolute&quot;,&quot;_animation&quot;:&quot;fadeInUp&quot;,&quot;_animation_delay&quot;:500}\" data-widget_type=\"image.default\">\n\t\t\t\t\t\t\t\t\t\t\t\t\t\t\t<img loading=\"lazy\" decoding=\"async\" width=\"2184\" height=\"1384\" src=\"https:\/\/tradepark.com.br\/new\/wp-content\/uploads\/2026\/02\/camarafria4.webp\" class=\"attachment-full size-full wp-image-465\" alt=\"\" srcset=\"https:\/\/tradepark.com.br\/new\/wp-content\/uploads\/2026\/02\/camarafria4.webp 2184w, https:\/\/tradepark.com.br\/new\/wp-content\/uploads\/2026\/02\/camarafria4-300x190.webp 300w, https:\/\/tradepark.com.br\/new\/wp-content\/uploads\/2026\/02\/camarafria4-1024x649.webp 1024w, https:\/\/tradepark.com.br\/new\/wp-content\/uploads\/2026\/02\/camarafria4-768x487.webp 768w, https:\/\/tradepark.com.br\/new\/wp-content\/uploads\/2026\/02\/camarafria4-1536x973.webp 1536w, https:\/\/tradepark.com.br\/new\/wp-content\/uploads\/2026\/02\/camarafria4-2048x1298.webp 2048w\" sizes=\"(max-width: 2184px) 100vw, 2184px\" \/>\t\t\t\t\t\t\t\t\t\t\t\t\t\t\t<\/div>\n\t\t\t\t<div class=\"elementor-element elementor-element-571bfd6 animated-fast elementor-invisible elementor-widget elementor-widget-image\" data-id=\"571bfd6\" data-element_type=\"widget\" data-e-type=\"widget\" data-settings=\"{&quot;_animation&quot;:&quot;fadeInUp&quot;}\" data-widget_type=\"image.default\">\n\t\t\t\t\t\t\t\t\t\t\t\t\t\t\t<img loading=\"lazy\" decoding=\"async\" width=\"1960\" height=\"1376\" src=\"https:\/\/tradepark.com.br\/new\/wp-content\/uploads\/2026\/02\/camarafria5.webp\" class=\"attachment-full size-full wp-image-466\" alt=\"\" srcset=\"https:\/\/tradepark.com.br\/new\/wp-content\/uploads\/2026\/02\/camarafria5.webp 1960w, https:\/\/tradepark.com.br\/new\/wp-content\/uploads\/2026\/02\/camarafria5-300x211.webp 300w, https:\/\/tradepark.com.br\/new\/wp-content\/uploads\/2026\/02\/camarafria5-1024x719.webp 1024w, https:\/\/tradepark.com.br\/new\/wp-content\/uploads\/2026\/02\/camarafria5-768x539.webp 768w, https:\/\/tradepark.com.br\/new\/wp-content\/uploads\/2026\/02\/camarafria5-1536x1078.webp 1536w\" sizes=\"(max-width: 1960px) 100vw, 1960px\" \/>\t\t\t\t\t\t\t\t\t\t\t\t\t\t\t<\/div>\n\t\t\t\t<\/div>\n\t\t<div class=\"elementor-element elementor-element-a6ae7c9 e-con-full e-flex wpr-particle-no wpr-jarallax-no wpr-parallax-no wpr-sticky-section-no e-con e-child\" data-id=\"a6ae7c9\" data-element_type=\"container\" data-e-type=\"container\">\n\t\t\t\t<div class=\"elementor-element elementor-element-e49bf88 elementor-widget elementor-widget-text-editor\" data-id=\"e49bf88\" data-element_type=\"widget\" data-e-type=\"widget\" data-widget_type=\"text-editor.default\">\n\t\t\t\t\t\t\t\t\tSAIBA MAIS SOBRE A ESTRUTURA:\t\t\t\t\t\t\t\t<\/div>\n\t\t\t\t<div class=\"elementor-element elementor-element-bd8a7d0 elementor-widget elementor-widget-text-editor\" data-id=\"bd8a7d0\" data-element_type=\"widget\" data-e-type=\"widget\" data-widget_type=\"text-editor.default\">\n\t\t\t\t\t\t\t\t\t<ul>\n<li>Padr\u00e3o internacional de constru\u00e7\u00e3o;<\/li>\n<li>Tecnologia, hardware e software de \u00faltima gera\u00e7\u00e3o para controle e opera\u00e7\u00e3o;<\/li>\n<li>\nPoss\u00edvel fracionamento em unidades para 1.300 posi\u00e7\u00f5es de pallets;<\/li>\n<li>\nP\u00e9 direito de 14m;<\/li>\n<li>\nPiso protendido para 6ton.\/m2;<\/li>\n<li>\nDocas individuais com antec\u00e2maras;<\/li>\n<li>\nControle e monitoramento \u00e0 dist\u00e2ncia (pronto para receber software).<\/li>\n<\/ul>\t\t\t\t\t\t\t\t<\/div>\n\t\t\t\t<\/div>\n\t\t\t\t\t<\/div>\n\t\t\t\t<\/div>\n\t\t\t\t<\/div>\n\t\t","protected":false},"excerpt":{"rendered":"<p>C\u00e2maras Frias com infraestrutura preparada para opera\u00e7\u00f5es que exigem controle absoluto. Ambientes projetados para armazenagem refrigerada, com seguran\u00e7a, efici\u00eancia energ\u00e9tica e localiza\u00e7\u00e3o estrat\u00e9gica na BR-101. Armazenamento com controle, seguran\u00e7a e confiabilidade As c\u00e2maras frias do Trade Park foram desenvolvidas para atender opera\u00e7\u00f5es que exigem precis\u00e3o t\u00e9rmica, estabilidade estrutural e efici\u00eancia log\u00edstica. Um ambiente preparado para preservar qualidade, reduzir perdas e garantir desempenho operacional. Mais de 10.000 posi\u00e7\u00f5es de pallets Controle de temperatura entre 10\u00baC e -30\u00baC SAIBA MAIS SOBRE A ESTRUTURA: Padr\u00e3o internacional de constru\u00e7\u00e3o; Tecnologia, hardware e software de \u00faltima gera\u00e7\u00e3o para controle e opera\u00e7\u00e3o; Poss\u00edvel fracionamento em unidades para 1.300 posi\u00e7\u00f5es de pallets; P\u00e9 direito de 14m; Piso protendido para 6ton.\/m2; Docas individuais com antec\u00e2maras; Controle e monitoramento \u00e0 dist\u00e2ncia (pronto para receber software).<\/p>\n","protected":false},"author":1,"featured_media":0,"parent":0,"menu_order":3,"comment_status":"closed","ping_status":"closed","template":"","meta":{"footnotes":""},"class_list":["post-17","page","type-page","status-publish","hentry"],"_hostinger_reach_plugin_has_subscription_block":false,"_hostinger_reach_plugin_is_elementor":false,"_links":{"self":[{"href":"https:\/\/tradepark.com.br\/new\/wp-json\/wp\/v2\/pages\/17","targetHints":{"allow":["GET"]}}],"collection":[{"href":"https:\/\/tradepark.com.br\/new\/wp-json\/wp\/v2\/pages"}],"about":[{"href":"https:\/\/tradepark.com.br\/new\/wp-json\/wp\/v2\/types\/page"}],"author":[{"embeddable":true,"href":"https:\/\/tradepark.com.br\/new\/wp-json\/wp\/v2\/users\/1"}],"replies":[{"embeddable":true,"href":"https:\/\/tradepark.com.br\/new\/wp-json\/wp\/v2\/comments?post=17"}],"version-history":[{"count":25,"href":"https:\/\/tradepark.com.br\/new\/wp-json\/wp\/v2\/pages\/17\/revisions"}],"predecessor-version":[{"id":496,"href":"https:\/\/tradepark.com.br\/new\/wp-json\/wp\/v2\/pages\/17\/revisions\/496"}],"wp:attachment":[{"href":"https:\/\/tradepark.com.br\/new\/wp-json\/wp\/v2\/media?parent=17"}],"curies":[{"name":"wp","href":"https:\/\/api.w.org\/{rel}","templated":true}]}}