{"id":19,"date":"2026-02-04T13:20:17","date_gmt":"2026-02-04T13:20:17","guid":{"rendered":"https:\/\/tradepark.com.br\/new\/?page_id=19"},"modified":"2026-02-20T18:37:29","modified_gmt":"2026-02-20T18:37:29","slug":"salas-comerciais","status":"publish","type":"page","link":"https:\/\/tradepark.com.br\/new\/salas-comerciais\/","title":{"rendered":"Salas Comerciais"},"content":{"rendered":"\t\t<div data-elementor-type=\"wp-page\" data-elementor-id=\"19\" class=\"elementor elementor-19\">\n\t\t\t\t<div class=\"elementor-element elementor-element-7184fe0f e-con-full e-flex wpr-particle-no wpr-jarallax-no wpr-parallax-no wpr-sticky-section-no e-con e-parent\" data-id=\"7184fe0f\" data-element_type=\"container\" data-e-type=\"container\">\n\t\t\t\t<div class=\"elementor-element elementor-element-45ad89f elementor-widget elementor-widget-html\" data-id=\"45ad89f\" data-element_type=\"widget\" data-e-type=\"widget\" data-widget_type=\"html.default\">\n\t\t\t\t\t<style type=\"text\/css\">\r\n html {\r\n  scroll-behavior: smooth;\r\n}\r\n\r\n\/* ============================= *\/\r\n\/* SE\u00c7\u00c3O PARALLAX *\/\r\n\/* ============================= *\/\r\n\r\n.parallax-section {\r\n  position: relative;\r\n  min-height: 70vh;\r\n  overflow: hidden;\r\n  display: flex;\r\n  align-items: center;\r\n  justify-content: center;\r\n  color: white;\r\n}\r\n\r\n\/* IMAGEM DE FUNDO *\/\r\n.parallax-bg {\r\n  position: absolute;\r\n  inset: 0;\r\n  background-image: url('https:\/\/tradepark.com.br\/new\/wp-content\/uploads\/2026\/02\/salas.webp');\r\n  background-size: cover;\r\n  background-position: center;\r\n  transform: translateY(0) scale(1.05);\r\n  will-change: transform;\r\n  z-index: -2;\r\n  transition: transform 0.2s linear;\r\n}\r\n\r\n\/* OVERLAY GRADIENTE *\/\r\n.parallax-section::after {\r\n  content: \"\";\r\n  position: absolute;\r\n  inset: 0;\r\n  background: linear-gradient(\r\n    to bottom,\r\n    rgba(0,0,0,0.6),\r\n    rgba(0,0,0,0.3)\r\n  );\r\n  z-index: -1;\r\n}\r\n\r\n\/* CONTE\u00daDO *\/\r\n.content {\r\n  max-width: 800px;\r\n  padding: 60px;\r\n  text-align: center;\r\n\r\n  opacity: 0;\r\n  transform: translateY(50px);\r\n  transition: all 1s ease;\r\n}\r\n\r\n.content.visible {\r\n  opacity: 1;\r\n  transform: translateY(0);\r\n}\r\n\r\n.content h1 {\r\n  font-size: 3rem;\r\n  margin-bottom: 20px;\r\n}\r\n\r\n.content p {\r\n  font-size: 1.2rem;\r\n}\r\n\r\n\/* SE\u00c7\u00c3O NORMAL ABAIXO *\/\r\n.normal-section {\r\n  padding: 120px 20px;\r\n  background: #f4f4f4;\r\n  text-align: center;\r\n}\r\n    \r\n<\/style>\r\n\r\n\r\n<section class=\"parallax-section\">\r\n  <div class=\"parallax-bg\"><\/div>\r\n\r\n  <div class=\"content\">\r\n    <h1>O endere\u00e7o certo para fortalecer a imagem e a opera\u00e7\u00e3o da sua empresa.<\/h1>\r\n    <p>\r\n      Salas comerciais planejadas para empresas que valorizam localiza\u00e7\u00e3o estrat\u00e9gica, seguran\u00e7a e ambiente corporativo organizado.\r\n    <\/p>\r\n  <\/div>\r\n<\/section>\r\n\r\n\r\n<script>\r\n\/* ============================= *\/\r\n\/* PARALLAX SUAVE *\/\r\n\/* ============================= *\/\r\n\r\nconst parallaxBg = document.querySelector('.parallax-bg');\r\n\r\nwindow.addEventListener('scroll', () => {\r\n  let scrollPosition = window.pageYOffset;\r\n\r\n  \/\/ Movimento vertical suave\r\n  parallaxBg.style.transform =\r\n    `translateY(${scrollPosition * 0.3}px) scale(1.05)`;\r\n});\r\n\r\n\/* ============================= *\/\r\n\/* FADE IN AO ENTRAR NA VIEWPORT *\/\r\n\/* ============================= *\/\r\n\r\nconst content = document.querySelector('.content');\r\n\r\nconst observer = new IntersectionObserver((entries) => {\r\n  entries.forEach(entry => {\r\n    if (entry.isIntersecting) {\r\n      content.classList.add('visible');\r\n    }\r\n  });\r\n}, {\r\n  threshold: 0.3\r\n});\r\n\r\nobserver.observe(content);\r\n\r\n<\/script>\t\t\t\t<\/div>\n\t\t\t\t<\/div>\n\t\t<div class=\"elementor-element elementor-element-583ce012 e-flex e-con-boxed wpr-particle-no wpr-jarallax-no wpr-parallax-no wpr-sticky-section-no e-con e-parent\" data-id=\"583ce012\" data-element_type=\"container\" data-e-type=\"container\" data-settings=\"{&quot;background_background&quot;:&quot;classic&quot;}\">\n\t\t\t\t\t<div class=\"e-con-inner\">\n\t\t<div class=\"elementor-element elementor-element-19bca6f3 e-con-full e-flex wpr-particle-no wpr-jarallax-no wpr-parallax-no wpr-sticky-section-no e-con e-child\" data-id=\"19bca6f3\" data-element_type=\"container\" data-e-type=\"container\">\n\t\t\t\t<div class=\"elementor-element elementor-element-2a886cd2 elementor-widget elementor-widget-image\" data-id=\"2a886cd2\" data-element_type=\"widget\" data-e-type=\"widget\" data-widget_type=\"image.default\">\n\t\t\t\t\t\t\t\t\t\t\t\t\t\t\t<img decoding=\"async\" width=\"189\" height=\"189\" src=\"https:\/\/tradepark.com.br\/new\/wp-content\/uploads\/2026\/02\/ico-pavimento.svg\" class=\"attachment-full size-full wp-image-513\" alt=\"\" \/>\t\t\t\t\t\t\t\t\t\t\t\t\t\t\t<\/div>\n\t\t\t\t<div class=\"elementor-element elementor-element-20e02617 elementor-widget elementor-widget-text-editor\" data-id=\"20e02617\" data-element_type=\"widget\" data-e-type=\"widget\" data-widget_type=\"text-editor.default\">\n\t\t\t\t\t\t\t\t\tPavimentos com 1.200m\u00b2\t\t\t\t\t\t\t\t<\/div>\n\t\t\t\t<\/div>\n\t\t<div class=\"elementor-element elementor-element-10403ae1 e-con-full e-flex wpr-particle-no wpr-jarallax-no wpr-parallax-no wpr-sticky-section-no e-con e-child\" data-id=\"10403ae1\" data-element_type=\"container\" data-e-type=\"container\">\n\t\t\t\t<div class=\"elementor-element elementor-element-110d4d22 elementor-widget elementor-widget-image\" data-id=\"110d4d22\" data-element_type=\"widget\" data-e-type=\"widget\" data-widget_type=\"image.default\">\n\t\t\t\t\t\t\t\t\t\t\t\t\t\t\t<img decoding=\"async\" width=\"189\" height=\"189\" src=\"https:\/\/tradepark.com.br\/new\/wp-content\/uploads\/2026\/02\/ico-planta.svg\" class=\"attachment-full size-full wp-image-514\" alt=\"\" \/>\t\t\t\t\t\t\t\t\t\t\t\t\t\t\t<\/div>\n\t\t\t\t<div class=\"elementor-element elementor-element-797c62e3 elementor-widget elementor-widget-text-editor\" data-id=\"797c62e3\" data-element_type=\"widget\" data-e-type=\"widget\" data-widget_type=\"text-editor.default\">\n\t\t\t\t\t\t\t\t\tSalas de 40m\u00b2 a 150m\u00b2 (compon\u00edveis)\t\t\t\t\t\t\t\t<\/div>\n\t\t\t\t<\/div>\n\t\t<div class=\"elementor-element elementor-element-6c28271c e-con-full e-flex wpr-particle-no wpr-jarallax-no wpr-parallax-no wpr-sticky-section-no e-con e-child\" data-id=\"6c28271c\" data-element_type=\"container\" data-e-type=\"container\">\n\t\t\t\t<div class=\"elementor-element elementor-element-3dcc2bc1 elementor-widget elementor-widget-image\" data-id=\"3dcc2bc1\" data-element_type=\"widget\" data-e-type=\"widget\" data-widget_type=\"image.default\">\n\t\t\t\t\t\t\t\t\t\t\t\t\t\t\t<img decoding=\"async\" width=\"253\" height=\"188\" src=\"https:\/\/tradepark.com.br\/new\/wp-content\/uploads\/2026\/02\/ico-garagem.svg\" class=\"attachment-full size-full wp-image-515\" alt=\"\" \/>\t\t\t\t\t\t\t\t\t\t\t\t\t\t\t<\/div>\n\t\t\t\t<div class=\"elementor-element elementor-element-1406b67c elementor-widget elementor-widget-text-editor\" data-id=\"1406b67c\" data-element_type=\"widget\" data-e-type=\"widget\" data-widget_type=\"text-editor.default\">\n\t\t\t\t\t\t\t\t\tGaragem privativa\t\t\t\t\t\t\t\t<\/div>\n\t\t\t\t<\/div>\n\t\t\t\t\t<\/div>\n\t\t\t\t<\/div>\n\t\t<div class=\"elementor-element elementor-element-42eef49 e-flex e-con-boxed wpr-particle-no wpr-jarallax-no wpr-parallax-no wpr-sticky-section-no e-con e-parent\" data-id=\"42eef49\" data-element_type=\"container\" data-e-type=\"container\" data-settings=\"{&quot;background_background&quot;:&quot;classic&quot;}\">\n\t\t\t\t\t<div class=\"e-con-inner\">\n\t\t\t\t<div class=\"elementor-element elementor-element-3aba774 elementor-widget elementor-widget-text-editor\" data-id=\"3aba774\" data-element_type=\"widget\" data-e-type=\"widget\" data-widget_type=\"text-editor.default\">\n\t\t\t\t\t\t\t\t\tLocaliza\u00e7\u00e3o estrat\u00e9gica que <em>aproxima voc\u00ea<\/em> do mercado.\t\t\t\t\t\t\t\t<\/div>\n\t\t\t\t<div class=\"elementor-element elementor-element-ecaaa1e elementor-widget elementor-widget-text-editor\" data-id=\"ecaaa1e\" data-element_type=\"widget\" data-e-type=\"widget\" data-widget_type=\"text-editor.default\">\n\t\t\t\t\t\t\t\t\tCom acesso facilitado \u00e0s principais vias da regi\u00e3o, sua empresa ganha mobilidade, visibilidade e conex\u00e3o com polos comerciais e log\u00edsticos de Santa Catarina.\t\t\t\t\t\t\t\t<\/div>\n\t\t\t\t\t<\/div>\n\t\t\t\t<\/div>\n\t\t<div class=\"elementor-element elementor-element-1532ab38 e-flex e-con-boxed wpr-particle-no wpr-jarallax-no wpr-parallax-no wpr-sticky-section-no e-con e-parent\" data-id=\"1532ab38\" data-element_type=\"container\" data-e-type=\"container\" data-settings=\"{&quot;background_background&quot;:&quot;classic&quot;}\">\n\t\t\t\t\t<div class=\"e-con-inner\">\n\t\t<div class=\"elementor-element elementor-element-10964b3e e-con-full e-flex wpr-particle-no wpr-jarallax-no wpr-parallax-no wpr-sticky-section-no e-con e-child\" data-id=\"10964b3e\" data-element_type=\"container\" data-e-type=\"container\">\n\t\t\t\t<div class=\"elementor-element elementor-element-5d7148ad elementor-invisible elementor-widget elementor-widget-image\" data-id=\"5d7148ad\" data-element_type=\"widget\" data-e-type=\"widget\" data-settings=\"{&quot;_animation&quot;:&quot;fadeInLeft&quot;}\" data-widget_type=\"image.default\">\n\t\t\t\t\t\t\t\t\t\t\t\t\t\t\t<img loading=\"lazy\" decoding=\"async\" width=\"1782\" height=\"2105\" src=\"https:\/\/tradepark.com.br\/new\/wp-content\/uploads\/2026\/02\/DJI_0492-28_2.webp\" class=\"attachment-full size-full wp-image-260\" alt=\"\" srcset=\"https:\/\/tradepark.com.br\/new\/wp-content\/uploads\/2026\/02\/DJI_0492-28_2.webp 1782w, https:\/\/tradepark.com.br\/new\/wp-content\/uploads\/2026\/02\/DJI_0492-28_2-254x300.webp 254w, https:\/\/tradepark.com.br\/new\/wp-content\/uploads\/2026\/02\/DJI_0492-28_2-867x1024.webp 867w, https:\/\/tradepark.com.br\/new\/wp-content\/uploads\/2026\/02\/DJI_0492-28_2-768x907.webp 768w, https:\/\/tradepark.com.br\/new\/wp-content\/uploads\/2026\/02\/DJI_0492-28_2-1300x1536.webp 1300w, https:\/\/tradepark.com.br\/new\/wp-content\/uploads\/2026\/02\/DJI_0492-28_2-1734x2048.webp 1734w\" sizes=\"(max-width: 1782px) 100vw, 1782px\" \/>\t\t\t\t\t\t\t\t\t\t\t\t\t\t\t<\/div>\n\t\t\t\t<\/div>\n\t\t<div class=\"elementor-element elementor-element-43a133f5 e-con-full e-flex wpr-particle-no wpr-jarallax-no wpr-parallax-no wpr-sticky-section-no e-con e-child\" data-id=\"43a133f5\" data-element_type=\"container\" data-e-type=\"container\">\n\t\t\t\t<div class=\"elementor-element elementor-element-760c1c34 elementor-widget elementor-widget-text-editor\" data-id=\"760c1c34\" data-element_type=\"widget\" data-e-type=\"widget\" data-widget_type=\"text-editor.default\">\n\t\t\t\t\t\t\t\t\tSeus neg\u00f3cios merecem estar em <em>um lugar de alto padr\u00e3o<\/em>\t\t\t\t\t\t\t\t<\/div>\n\t\t\t\t<div class=\"elementor-element elementor-element-5f4035ed elementor-widget elementor-widget-text-editor\" data-id=\"5f4035ed\" data-element_type=\"widget\" data-e-type=\"widget\" data-widget_type=\"text-editor.default\">\n\t\t\t\t\t\t\t\t\tSalas comerciais: Venda ou Loca\u00e7\u00e3o\t\t\t\t\t\t\t\t<\/div>\n\t\t\t\t<div class=\"elementor-element elementor-element-47448ac6 elementor-widget elementor-widget-text-editor\" data-id=\"47448ac6\" data-element_type=\"widget\" data-e-type=\"widget\" data-widget_type=\"text-editor.default\">\n\t\t\t\t\t\t\t\t\t<ul> <li>Alto padr\u00e3o de acabamento;<\/li> <li>Condom\u00ednio empresarial com fluxo de mais de 700 pessoas\/dia e fluxo intenso de ve\u00edculos;<\/li> <li>Localiza\u00e7\u00e3o estrat\u00e9gica, privilegiada e de grande visibilidade;<\/li> <li>1 ou mais vagas de estacionamento,  exclusivas e cobertas;<\/li> <li>Hall de entrada entregue equipado e decorado;<\/li> <li>Portaria com controle e monitoramento de acesso;<\/li> <li>Adequa\u00e7\u00e3o das salas para v\u00e1rios segmentos de atua\u00e7\u00e3o;<\/li> <li>2 torres com 10 pavimentos;<\/li> <li>2 elevadores em cada torre;<\/li> <li>Prepara\u00e7\u00e3o para ar-condicionado;<\/li> <li>Op\u00e7\u00e3o de laje corporativa;<\/li> <li>Garagens privativas.<\/li> <\/ul>\t\t\t\t\t\t\t\t<\/div>\n\t\t\t\t<\/div>\n\t\t\t\t\t<\/div>\n\t\t\t\t<\/div>\n\t\t\t\t<\/div>\n\t\t","protected":false},"excerpt":{"rendered":"<p>O endere\u00e7o certo para fortalecer a imagem e a opera\u00e7\u00e3o da sua empresa. Salas comerciais planejadas para empresas que valorizam localiza\u00e7\u00e3o estrat\u00e9gica, seguran\u00e7a e ambiente corporativo organizado. Pavimentos com 1.200m\u00b2 Salas de 40m\u00b2 a 150m\u00b2 (compon\u00edveis) Garagem privativaLocaliza\u00e7\u00e3o estrat\u00e9gica que aproxima voc\u00ea do mercado.Com acesso facilitado \u00e0s principais vias da regi\u00e3o, sua empresa ganha mobilidade, visibilidade e conex\u00e3o com polos comerciais e log\u00edsticos de Santa Catarina. Seus neg\u00f3cios merecem estar em um lugar de alto padr\u00e3oSalas comerciais: Venda ou Loca\u00e7\u00e3o Alto padr\u00e3o de acabamento; Condom\u00ednio empresarial com fluxo de mais de 700 pessoas\/dia e fluxo intenso de ve\u00edculos; Localiza\u00e7\u00e3o estrat\u00e9gica, privilegiada e de grande visibilidade; 1 ou mais vagas de estacionamento, exclusivas e cobertas; Hall de entrada entregue equipado e decorado; Portaria com controle e monitoramento de acesso; Adequa\u00e7\u00e3o das salas para v\u00e1rios segmentos de atua\u00e7\u00e3o; 2 torres com 10 pavimentos; 2 elevadores em cada torre; Prepara\u00e7\u00e3o para ar-condicionado; Op\u00e7\u00e3o de laje corporativa; Garagens privativas.<\/p>\n","protected":false},"author":1,"featured_media":0,"parent":0,"menu_order":4,"comment_status":"closed","ping_status":"closed","template":"","meta":{"footnotes":""},"class_list":["post-19","page","type-page","status-publish","hentry"],"_hostinger_reach_plugin_has_subscription_block":false,"_hostinger_reach_plugin_is_elementor":false,"_links":{"self":[{"href":"https:\/\/tradepark.com.br\/new\/wp-json\/wp\/v2\/pages\/19","targetHints":{"allow":["GET"]}}],"collection":[{"href":"https:\/\/tradepark.com.br\/new\/wp-json\/wp\/v2\/pages"}],"about":[{"href":"https:\/\/tradepark.com.br\/new\/wp-json\/wp\/v2\/types\/page"}],"author":[{"embeddable":true,"href":"https:\/\/tradepark.com.br\/new\/wp-json\/wp\/v2\/users\/1"}],"replies":[{"embeddable":true,"href":"https:\/\/tradepark.com.br\/new\/wp-json\/wp\/v2\/comments?post=19"}],"version-history":[{"count":16,"href":"https:\/\/tradepark.com.br\/new\/wp-json\/wp\/v2\/pages\/19\/revisions"}],"predecessor-version":[{"id":520,"href":"https:\/\/tradepark.com.br\/new\/wp-json\/wp\/v2\/pages\/19\/revisions\/520"}],"wp:attachment":[{"href":"https:\/\/tradepark.com.br\/new\/wp-json\/wp\/v2\/media?parent=19"}],"curies":[{"name":"wp","href":"https:\/\/api.w.org\/{rel}","templated":true}]}}