{"id":7,"date":"2026-02-04T13:16:57","date_gmt":"2026-02-04T13:16:57","guid":{"rendered":"https:\/\/tradepark.com.br\/new\/?page_id=7"},"modified":"2026-02-23T13:45:09","modified_gmt":"2026-02-23T13:45:09","slug":"home","status":"publish","type":"page","link":"https:\/\/tradepark.com.br\/new\/","title":{"rendered":"Home"},"content":{"rendered":"\t\t<div data-elementor-type=\"wp-post\" data-elementor-id=\"7\" class=\"elementor elementor-7\">\n\t\t\t\t<div class=\"elementor-element elementor-element-0ab4c00 e-con-full e-flex wpr-particle-no wpr-jarallax-no wpr-parallax-no wpr-sticky-section-no e-con e-parent\" data-id=\"0ab4c00\" data-element_type=\"container\" data-e-type=\"container\">\n\t\t\t\t<div class=\"elementor-element elementor-element-5a185f9 elementor-widget elementor-widget-html\" data-id=\"5a185f9\" data-element_type=\"widget\" data-e-type=\"widget\" data-widget_type=\"html.default\">\n\t\t\t\t\t<style type=\"text\/css\">\r\n html {\r\n  scroll-behavior: smooth;\r\n}\r\n\r\n\/* ============================= *\/\r\n\/* SE\u00c7\u00c3O PARALLAX *\/\r\n\/* ============================= *\/\r\n\r\n.parallax-section {\r\n  position: relative;\r\n  min-height: 70vh;\r\n  overflow: hidden;\r\n  display: flex;\r\n  align-items: center;\r\n  justify-content: center;\r\n  color: white;\r\n}\r\n\r\n\/* IMAGEM DE FUNDO *\/\r\n.parallax-bg {\r\n  position: absolute;\r\n  inset: 0;\r\n  background-image: url('https:\/\/tradepark.com.br\/new\/wp-content\/uploads\/2026\/02\/DJI_0492-28.webp');\r\n  background-size: cover;\r\n  background-position: center;\r\n  transform: translateY(0) scale(1.05);\r\n  will-change: transform;\r\n  z-index: -2;\r\n  transition: transform 0.2s linear;\r\n}\r\n\r\n\/* OVERLAY GRADIENTE *\/\r\n.parallax-section::after {\r\n  content: \"\";\r\n  position: absolute;\r\n  inset: 0;\r\n  background: linear-gradient(\r\n    to bottom,\r\n    rgba(0,0,0,0.6),\r\n    rgba(0,0,0,0.3)\r\n  );\r\n  z-index: -1;\r\n}\r\n\r\n\/* CONTE\u00daDO *\/\r\n.content {\r\n  max-width: 800px;\r\n  padding: 60px;\r\n  text-align: center;\r\n\r\n  opacity: 0;\r\n  transform: translateY(50px);\r\n  transition: all 1s ease;\r\n}\r\n\r\n.content.visible {\r\n  opacity: 1;\r\n  transform: translateY(0);\r\n}\r\n\r\n.content h1 {\r\n  font-size: 3rem;\r\n  margin-bottom: 20px;\r\n}\r\n\r\n.content p {\r\n  font-size: 1.2rem;\r\n}\r\n\r\n\/* SE\u00c7\u00c3O NORMAL ABAIXO *\/\r\n.normal-section {\r\n  padding: 120px 20px;\r\n  background: #f4f4f4;\r\n  text-align: center;\r\n}\r\n    \r\n<\/style>\r\n\r\n\r\n<section class=\"parallax-section\">\r\n  <div class=\"parallax-bg\"><\/div>\r\n\r\n  <div class=\"content\">\r\n    <h1>Espa\u00e7os sob medida para empresas que querem crescer.<\/h1>\r\n    <p>\r\n      O condom\u00ednio empresarial com localiza\u00e7\u00e3o estrat\u00e9gica e estrutura completa para impulsionar sua opera\u00e7\u00e3o em Santa Catarina.\r\n    <\/p>\r\n  <\/div>\r\n<\/section>\r\n\r\n\r\n<script>\r\n\/* ============================= *\/\r\n\/* PARALLAX SUAVE *\/\r\n\/* ============================= *\/\r\n\r\nconst parallaxBg = document.querySelector('.parallax-bg');\r\n\r\nwindow.addEventListener('scroll', () => {\r\n  let scrollPosition = window.pageYOffset;\r\n\r\n  \/\/ Movimento vertical suave\r\n  parallaxBg.style.transform =\r\n    `translateY(${scrollPosition * 0.3}px) scale(1.05)`;\r\n});\r\n\r\n\/* ============================= *\/\r\n\/* FADE IN AO ENTRAR NA VIEWPORT *\/\r\n\/* ============================= *\/\r\n\r\nconst content = document.querySelector('.content');\r\n\r\nconst observer = new IntersectionObserver((entries) => {\r\n  entries.forEach(entry => {\r\n    if (entry.isIntersecting) {\r\n      content.classList.add('visible');\r\n    }\r\n  });\r\n}, {\r\n  threshold: 0.3\r\n});\r\n\r\nobserver.observe(content);\r\n\r\n<\/script>\t\t\t\t<\/div>\n\t\t\t\t<\/div>\n\t\t<div class=\"elementor-element elementor-element-120c327 e-flex e-con-boxed wpr-particle-no wpr-jarallax-no wpr-parallax-no wpr-sticky-section-no e-con e-parent\" data-id=\"120c327\" data-element_type=\"container\" data-e-type=\"container\" data-settings=\"{&quot;background_background&quot;:&quot;classic&quot;}\">\n\t\t\t\t\t<div class=\"e-con-inner\">\n\t\t<div class=\"elementor-element elementor-element-a5eae19 e-con-full e-flex wpr-particle-no wpr-jarallax-no wpr-parallax-no wpr-sticky-section-no e-con e-child\" data-id=\"a5eae19\" data-element_type=\"container\" data-e-type=\"container\">\n\t\t\t\t<div class=\"elementor-element elementor-element-843a568 elementor-widget elementor-widget-text-editor\" data-id=\"843a568\" data-element_type=\"widget\" data-e-type=\"widget\" data-widget_type=\"text-editor.default\">\n\t\t\t\t\t\t\t\t\tO Centro Estrat\u00e9gico para empresas <br>no <em>Sul do Brasil<\/em>\t\t\t\t\t\t\t\t<\/div>\n\t\t\t\t<div class=\"elementor-element elementor-element-458ca25 elementor-widget elementor-widget-text-editor\" data-id=\"458ca25\" data-element_type=\"widget\" data-e-type=\"widget\" data-widget_type=\"text-editor.default\">\n\t\t\t\t\t\t\t\t\t<p>Conhe\u00e7a o Tradepark Condom\u00ednio Empresarial, um empreendimento planejado para empresas que buscam infraestrutura moderna, seguran\u00e7a 24h e localiza\u00e7\u00e3o estrat\u00e9gica na BR-101.<\/p>\n<p>Localizado em Santa Catarina e com acesso facilitado aos principais polos do estado, o Trade Park oferece a base ideal para empresas que desejam crescer com efici\u00eancia e previsibilidade.<\/p>\t\t\t\t\t\t\t\t<\/div>\n\t\t\t\t<div class=\"elementor-element elementor-element-e1b3cea elementor-widget elementor-widget-text-editor\" data-id=\"e1b3cea\" data-element_type=\"widget\" data-e-type=\"widget\" data-widget_type=\"text-editor.default\">\n\t\t\t\t\t\t\t\t\t<ul>\n \t<li>Galp\u00f5es e espa\u00e7os empresariais<\/li>\n \t<li>Estrutura pronta para opera\u00e7\u00f5es log\u00edsticas<\/li>\n<\/ul>\t\t\t\t\t\t\t\t<\/div>\n\t\t\t\t<\/div>\n\t\t<div class=\"elementor-element elementor-element-c4acee7 e-con-full e-flex wpr-particle-no wpr-jarallax-no wpr-parallax-no wpr-sticky-section-no e-con e-child\" data-id=\"c4acee7\" data-element_type=\"container\" data-e-type=\"container\">\n\t\t\t\t<div class=\"elementor-element elementor-element-2050271 elementor-widget elementor-widget-video\" data-id=\"2050271\" data-element_type=\"widget\" data-e-type=\"widget\" data-settings=\"{&quot;video_type&quot;:&quot;hosted&quot;,&quot;controls&quot;:&quot;yes&quot;}\" data-widget_type=\"video.default\">\n\t\t\t\t\t\t\t<div class=\"e-hosted-video elementor-wrapper elementor-open-inline\">\n\t\t\t\t\t<video class=\"elementor-video\" src=\"https:\/\/tradepark.com.br\/new\/wp-content\/uploads\/2026\/02\/videoInstitucional.mp4\" controls=\"\" preload=\"metadata\" controlsList=\"nodownload\" poster=\"https:\/\/tradepark.com.br\/new\/wp-content\/uploads\/2026\/02\/DJI_0492-28.webp\"><\/video>\n\t\t\t\t<\/div>\n\t\t\t\t\t\t<\/div>\n\t\t\t\t<div class=\"elementor-element elementor-element-8a1d758 elementor-widget elementor-widget-text-editor\" data-id=\"8a1d758\" data-element_type=\"widget\" data-e-type=\"widget\" data-widget_type=\"text-editor.default\">\n\t\t\t\t\t\t\t\t\tEntre em contato com<br> nossa equipe e descubra as <br>oportunidades dispon\u00edveis!\t\t\t\t\t\t\t\t<\/div>\n\t\t\t\t<\/div>\n\t\t\t\t\t<\/div>\n\t\t\t\t<\/div>\n\t\t<div class=\"elementor-element elementor-element-8937cbc e-flex e-con-boxed wpr-particle-no wpr-jarallax-no wpr-parallax-no wpr-sticky-section-no e-con e-parent\" data-id=\"8937cbc\" data-element_type=\"container\" data-e-type=\"container\">\n\t\t\t\t\t<div class=\"e-con-inner\">\n\t\t<div class=\"elementor-element elementor-element-87b04f8 e-con-full e-flex wpr-particle-no wpr-jarallax-no wpr-parallax-no wpr-sticky-section-no e-con e-child\" data-id=\"87b04f8\" data-element_type=\"container\" data-e-type=\"container\">\n\t\t\t\t<div class=\"elementor-element elementor-element-5853770 elementor-widget elementor-widget-text-editor\" data-id=\"5853770\" data-element_type=\"widget\" data-e-type=\"widget\" data-widget_type=\"text-editor.default\">\n\t\t\t\t\t\t\t\t\tSolu\u00e7\u00f5es empresariais sob medida para <em>o Crescimento do seu Neg\u00f3cio!<\/em>\t\t\t\t\t\t\t\t<\/div>\n\t\t\t\t<div class=\"elementor-element elementor-element-fa37c33 elementor-widget elementor-widget-text-editor\" data-id=\"fa37c33\" data-element_type=\"widget\" data-e-type=\"widget\" data-widget_type=\"text-editor.default\">\n\t\t\t\t\t\t\t\t\t<p>O Trade Park oferece uma estrutura completa para empresas que buscam efici\u00eancia operacional, localiza\u00e7\u00e3o estrat\u00e9gica e um ambiente corporativo organizado e seguro. Com op\u00e7\u00f5es que atendem diferentes perfis de opera\u00e7\u00e3o, disponibilizamos:<\/p>\t\t\t\t\t\t\t\t<\/div>\n\t\t\t\t<\/div>\n\t\t<div class=\"elementor-element elementor-element-6ca6a8c e-con-full e-flex wpr-particle-no wpr-jarallax-no wpr-parallax-no wpr-sticky-section-no e-con e-child\" data-id=\"6ca6a8c\" data-element_type=\"container\" data-e-type=\"container\">\n\t\t<a class=\"elementor-element elementor-element-c00c520 e-con-full e-flex wpr-particle-no wpr-jarallax-no wpr-parallax-no wpr-sticky-section-no e-con e-child\" data-id=\"c00c520\" data-element_type=\"container\" data-e-type=\"container\" data-settings=\"{&quot;background_background&quot;:&quot;classic&quot;}\" href=\"https:\/\/tradepark.com.br\/new\/galpoes\/\">\n\t\t\t\t<div class=\"elementor-element elementor-element-e62b70d elementor-widget elementor-widget-text-editor\" data-id=\"e62b70d\" data-element_type=\"widget\" data-e-type=\"widget\" data-widget_type=\"text-editor.default\">\n\t\t\t\t\t\t\t\t\t<p>Galp\u00f5es<\/p>\t\t\t\t\t\t\t\t<\/div>\n\t\t\t\t<div class=\"elementor-element elementor-element-01b9da9 elementor-widget elementor-widget-text-editor\" data-id=\"01b9da9\" data-element_type=\"widget\" data-e-type=\"widget\" data-widget_type=\"text-editor.default\">\n\t\t\t\t\t\t\t\t\t<p>Preparados para log\u00edstica, armazenagem e ind\u00fastria<\/p>\t\t\t\t\t\t\t\t<\/div>\n\t\t\t\t<\/a>\n\t\t<a class=\"elementor-element elementor-element-c3d3032 e-con-full e-flex wpr-particle-no wpr-jarallax-no wpr-parallax-no wpr-sticky-section-no e-con e-child\" data-id=\"c3d3032\" data-element_type=\"container\" data-e-type=\"container\" data-settings=\"{&quot;background_background&quot;:&quot;classic&quot;}\" href=\"https:\/\/tradepark.com.br\/new\/camaras-frias\/\">\n\t\t\t\t<div class=\"elementor-element elementor-element-0e4b8e9 elementor-widget elementor-widget-text-editor\" data-id=\"0e4b8e9\" data-element_type=\"widget\" data-e-type=\"widget\" data-widget_type=\"text-editor.default\">\n\t\t\t\t\t\t\t\t\tC\u00e2maras Frias\t\t\t\t\t\t\t\t<\/div>\n\t\t\t\t<div class=\"elementor-element elementor-element-72bd300 elementor-widget elementor-widget-text-editor\" data-id=\"72bd300\" data-element_type=\"widget\" data-e-type=\"widget\" data-widget_type=\"text-editor.default\">\n\t\t\t\t\t\t\t\t\t<p>Preparados para log\u00edstica, armazenagem e ind\u00fastria<\/p>\t\t\t\t\t\t\t\t<\/div>\n\t\t\t\t<\/a>\n\t\t<a class=\"elementor-element elementor-element-caa63cf e-con-full e-flex wpr-particle-no wpr-jarallax-no wpr-parallax-no wpr-sticky-section-no e-con e-child\" data-id=\"caa63cf\" data-element_type=\"container\" data-e-type=\"container\" data-settings=\"{&quot;background_background&quot;:&quot;classic&quot;}\" href=\"https:\/\/tradepark.com.br\/new\/salas-comerciais\/\">\n\t\t\t\t<div class=\"elementor-element elementor-element-055be89 elementor-widget elementor-widget-text-editor\" data-id=\"055be89\" data-element_type=\"widget\" data-e-type=\"widget\" data-widget_type=\"text-editor.default\">\n\t\t\t\t\t\t\t\t\tSalas Comerciais\t\t\t\t\t\t\t\t<\/div>\n\t\t\t\t<div class=\"elementor-element elementor-element-1e15f21 elementor-widget elementor-widget-text-editor\" data-id=\"1e15f21\" data-element_type=\"widget\" data-e-type=\"widget\" data-widget_type=\"text-editor.default\">\n\t\t\t\t\t\t\t\t\t<p>Para atividades administrativas e corporativas<\/p>\t\t\t\t\t\t\t\t<\/div>\n\t\t\t\t<\/a>\n\t\t<a class=\"elementor-element elementor-element-d721e4f e-con-full e-flex wpr-particle-no wpr-jarallax-no wpr-parallax-no wpr-sticky-section-no e-con e-child\" data-id=\"d721e4f\" data-element_type=\"container\" data-e-type=\"container\" data-settings=\"{&quot;background_background&quot;:&quot;classic&quot;}\" href=\"https:\/\/tradepark.com.br\/new\/lojas\/\">\n\t\t\t\t<div class=\"elementor-element elementor-element-1cf7b2a elementor-widget elementor-widget-text-editor\" data-id=\"1cf7b2a\" data-element_type=\"widget\" data-e-type=\"widget\" data-widget_type=\"text-editor.default\">\n\t\t\t\t\t\t\t\t\t<p>Lojas<\/p>\t\t\t\t\t\t\t\t<\/div>\n\t\t\t\t<div class=\"elementor-element elementor-element-f493639 elementor-widget elementor-widget-text-editor\" data-id=\"f493639\" data-element_type=\"widget\" data-e-type=\"widget\" data-widget_type=\"text-editor.default\">\n\t\t\t\t\t\t\t\t\t<p>Com excelente visibilidade e fluxo estrat\u00e9gico<\/p>\t\t\t\t\t\t\t\t<\/div>\n\t\t\t\t<\/a>\n\t\t\t\t<\/div>\n\t\t\t\t\t<\/div>\n\t\t\t\t<\/div>\n\t\t<div class=\"elementor-element elementor-element-ef46501 e-flex e-con-boxed wpr-particle-no wpr-jarallax-no wpr-parallax-no wpr-sticky-section-no e-con e-parent\" data-id=\"ef46501\" data-element_type=\"container\" data-e-type=\"container\">\n\t\t\t\t\t<div class=\"e-con-inner\">\n\t\t<div class=\"elementor-element elementor-element-0ac558a e-con-full e-flex wpr-particle-no wpr-jarallax-no wpr-parallax-no wpr-sticky-section-no e-con e-child\" data-id=\"0ac558a\" data-element_type=\"container\" data-e-type=\"container\">\n\t\t\t\t<div class=\"elementor-element elementor-element-6015e6a elementor-widget elementor-widget-image\" data-id=\"6015e6a\" data-element_type=\"widget\" data-e-type=\"widget\" data-widget_type=\"image.default\">\n\t\t\t\t\t\t\t\t\t\t\t\t\t\t\t<img fetchpriority=\"high\" decoding=\"async\" width=\"1000\" height=\"304\" src=\"https:\/\/tradepark.com.br\/new\/wp-content\/uploads\/2026\/02\/mapa-localizacao.png\" class=\"attachment-full size-full wp-image-405\" alt=\"\" srcset=\"https:\/\/tradepark.com.br\/new\/wp-content\/uploads\/2026\/02\/mapa-localizacao.png 1000w, https:\/\/tradepark.com.br\/new\/wp-content\/uploads\/2026\/02\/mapa-localizacao-300x91.png 300w, https:\/\/tradepark.com.br\/new\/wp-content\/uploads\/2026\/02\/mapa-localizacao-768x233.png 768w\" sizes=\"(max-width: 1000px) 100vw, 1000px\" \/>\t\t\t\t\t\t\t\t\t\t\t\t\t\t\t<\/div>\n\t\t\t\t<\/div>\n\t\t<div class=\"elementor-element elementor-element-10d8015c e-con-full e-flex wpr-particle-no wpr-jarallax-no wpr-parallax-no wpr-sticky-section-no e-con e-child\" data-id=\"10d8015c\" data-element_type=\"container\" data-e-type=\"container\">\n\t\t<div class=\"elementor-element elementor-element-3e9ddec2 e-con-full e-flex wpr-particle-no wpr-jarallax-no wpr-parallax-no wpr-sticky-section-no e-con e-child\" data-id=\"3e9ddec2\" data-element_type=\"container\" data-e-type=\"container\">\n\t\t\t\t<div class=\"elementor-element elementor-element-03fd5cf elementor-widget elementor-widget-text-editor\" data-id=\"03fd5cf\" data-element_type=\"widget\" data-e-type=\"widget\" data-widget_type=\"text-editor.default\">\n\t\t\t\t\t\t\t\t\t<p>Localiza\u00e7\u00e3o:<\/p>\t\t\t\t\t\t\t\t<\/div>\n\t\t\t\t<div class=\"elementor-element elementor-element-66d8b105 elementor-widget elementor-widget-text-editor\" data-id=\"66d8b105\" data-element_type=\"widget\" data-e-type=\"widget\" data-widget_type=\"text-editor.default\">\n\t\t\t\t\t\t\t\t\tEstrat\u00e9gica para os <em>Melhores Resultados<\/em>\t\t\t\t\t\t\t\t<\/div>\n\t\t\t\t<div class=\"elementor-element elementor-element-9b4288c elementor-widget elementor-widget-text-editor\" data-id=\"9b4288c\" data-element_type=\"widget\" data-e-type=\"widget\" data-widget_type=\"text-editor.default\">\n\t\t\t\t\t\t\t\t\t<p>O Trade Park Condom\u00ednio Empresarial est\u00e1 localizado em Cambori\u00fa SC BR 101, Marginal Oeste, KM 131.<\/p>\n<p>O lugar ideal para quem precisar armazenar e\/ou distribuir produtos de forma segura e rent\u00e1vel. Afinal, ele est\u00e1 pr\u00f3ximo de dois aeroportos &#8211; Navegantes e Florian\u00f3polis &#8211; e importantes portos da regi\u00e3o &#8211; Itaja\u00ed e Navegantes.<\/p>\n\n<p>Al\u00e9m disso, a BR 101 \u00e9 uma das principais rodovias que liga a regi\u00e3o Sul ao restante do pa\u00eds e at\u00e9 aos pa\u00edses do MERCOSUL.<\/p>\n\n<p>O Trade Park Condom\u00ednio Empresarial conta com a excelente estrutura oferecida por Balne\u00e1rio Cambori\u00fa e Cambori\u00fa. S\u00e3o cidades que proporcionam grande qualidade de vida, suprindo todas as necessidades nas mais diversas \u00e1reas, como lazer, educa\u00e7\u00e3o, sa\u00fade, seguran\u00e7a, com\u00e9rcio, ind\u00fastria e servi\u00e7os.<\/p>\t\t\t\t\t\t\t\t<\/div>\n\t\t\t\t<\/div>\n\t\t<div class=\"elementor-element elementor-element-73055a1 e-con-full e-flex wpr-particle-no wpr-jarallax-no wpr-parallax-no wpr-sticky-section-no e-con e-child\" data-id=\"73055a1\" data-element_type=\"container\" data-e-type=\"container\">\n\t\t\t\t<div class=\"elementor-element elementor-element-5ee4a441 elementor-absolute animated-fast elementor-invisible elementor-widget elementor-widget-image\" data-id=\"5ee4a441\" data-element_type=\"widget\" data-e-type=\"widget\" data-settings=\"{&quot;_position&quot;:&quot;absolute&quot;,&quot;_animation&quot;:&quot;fadeInUp&quot;,&quot;_animation_delay&quot;:500}\" data-widget_type=\"image.default\">\n\t\t\t\t\t\t\t\t\t\t\t\t\t\t\t<img decoding=\"async\" width=\"1600\" height=\"1060\" src=\"https:\/\/tradepark.com.br\/new\/wp-content\/uploads\/2026\/02\/shutterstock_301382870.webp\" class=\"attachment-full size-full wp-image-407\" alt=\"\" srcset=\"https:\/\/tradepark.com.br\/new\/wp-content\/uploads\/2026\/02\/shutterstock_301382870.webp 1600w, https:\/\/tradepark.com.br\/new\/wp-content\/uploads\/2026\/02\/shutterstock_301382870-300x199.webp 300w, https:\/\/tradepark.com.br\/new\/wp-content\/uploads\/2026\/02\/shutterstock_301382870-1024x678.webp 1024w, https:\/\/tradepark.com.br\/new\/wp-content\/uploads\/2026\/02\/shutterstock_301382870-768x509.webp 768w, https:\/\/tradepark.com.br\/new\/wp-content\/uploads\/2026\/02\/shutterstock_301382870-1536x1018.webp 1536w\" sizes=\"(max-width: 1600px) 100vw, 1600px\" \/>\t\t\t\t\t\t\t\t\t\t\t\t\t\t\t<\/div>\n\t\t\t\t<div class=\"elementor-element elementor-element-4f73df17 animated-fast elementor-invisible elementor-widget elementor-widget-image\" data-id=\"4f73df17\" data-element_type=\"widget\" data-e-type=\"widget\" data-settings=\"{&quot;_animation&quot;:&quot;fadeInUp&quot;}\" data-widget_type=\"image.default\">\n\t\t\t\t\t\t\t\t\t\t\t\t\t\t\t<img decoding=\"async\" width=\"1600\" height=\"1067\" src=\"https:\/\/tradepark.com.br\/new\/wp-content\/uploads\/2026\/02\/shutterstock_194834966.webp\" class=\"attachment-full size-full wp-image-408\" alt=\"\" srcset=\"https:\/\/tradepark.com.br\/new\/wp-content\/uploads\/2026\/02\/shutterstock_194834966.webp 1600w, https:\/\/tradepark.com.br\/new\/wp-content\/uploads\/2026\/02\/shutterstock_194834966-300x200.webp 300w, https:\/\/tradepark.com.br\/new\/wp-content\/uploads\/2026\/02\/shutterstock_194834966-1024x683.webp 1024w, https:\/\/tradepark.com.br\/new\/wp-content\/uploads\/2026\/02\/shutterstock_194834966-768x512.webp 768w, https:\/\/tradepark.com.br\/new\/wp-content\/uploads\/2026\/02\/shutterstock_194834966-1536x1024.webp 1536w\" sizes=\"(max-width: 1600px) 100vw, 1600px\" \/>\t\t\t\t\t\t\t\t\t\t\t\t\t\t\t<\/div>\n\t\t\t\t<\/div>\n\t\t\t\t<\/div>\n\t\t\t\t\t<\/div>\n\t\t\t\t<\/div>\n\t\t\t\t<\/div>\n\t\t","protected":false},"excerpt":{"rendered":"<p>Espa\u00e7os sob medida para empresas que querem crescer. O condom\u00ednio empresarial com localiza\u00e7\u00e3o estrat\u00e9gica e estrutura completa para impulsionar sua opera\u00e7\u00e3o em Santa Catarina. O Centro Estrat\u00e9gico para empresas no Sul do Brasil Conhe\u00e7a o Tradepark Condom\u00ednio Empresarial, um empreendimento planejado para empresas que buscam infraestrutura moderna, seguran\u00e7a 24h e localiza\u00e7\u00e3o estrat\u00e9gica na BR-101. Localizado em Santa Catarina e com acesso facilitado aos principais polos do estado, o Trade Park oferece a base ideal para empresas que desejam crescer com efici\u00eancia e previsibilidade. Galp\u00f5es e espa\u00e7os empresariais Estrutura pronta para opera\u00e7\u00f5es log\u00edsticas https:\/\/tradepark.com.br\/new\/wp-content\/uploads\/2026\/02\/videoInstitucional.mp4Entre em contato com nossa equipe e descubra as oportunidades dispon\u00edveis!Solu\u00e7\u00f5es empresariais sob medida para o Crescimento do seu Neg\u00f3cio! O Trade Park oferece uma estrutura completa para empresas que buscam efici\u00eancia operacional, localiza\u00e7\u00e3o estrat\u00e9gica e um ambiente corporativo organizado e seguro. Com op\u00e7\u00f5es que atendem diferentes perfis de opera\u00e7\u00e3o, disponibilizamos: Galp\u00f5es Preparados para log\u00edstica, armazenagem e ind\u00fastria C\u00e2maras Frias Preparados para log\u00edstica, armazenagem e ind\u00fastria Salas Comerciais Para atividades administrativas e corporativas Lojas Com excelente visibilidade e fluxo estrat\u00e9gico Localiza\u00e7\u00e3o: Estrat\u00e9gica para os Melhores Resultados O Trade Park Condom\u00ednio Empresarial est\u00e1 localizado em Cambori\u00fa SC BR 101, Marginal Oeste, KM 131. O lugar ideal para quem precisar armazenar e\/ou distribuir produtos de forma segura e rent\u00e1vel. Afinal, ele est\u00e1 pr\u00f3ximo de dois aeroportos &#8211; Navegantes e Florian\u00f3polis &#8211; e importantes portos da regi\u00e3o &#8211; Itaja\u00ed e Navegantes. Al\u00e9m disso, a BR 101 \u00e9 uma das principais rodovias que liga a regi\u00e3o Sul ao restante do pa\u00eds e at\u00e9 aos pa\u00edses do MERCOSUL. O Trade Park Condom\u00ednio Empresarial conta com a excelente estrutura oferecida por Balne\u00e1rio Cambori\u00fa e Cambori\u00fa. S\u00e3o cidades que proporcionam grande qualidade de vida, suprindo todas as necessidades nas mais diversas \u00e1reas, como lazer, educa\u00e7\u00e3o, sa\u00fade, seguran\u00e7a, com\u00e9rcio, ind\u00fastria e servi\u00e7os.<\/p>\n","protected":false},"author":1,"featured_media":0,"parent":0,"menu_order":0,"comment_status":"closed","ping_status":"closed","template":"","meta":{"footnotes":""},"class_list":["post-7","page","type-page","status-publish","hentry"],"_hostinger_reach_plugin_has_subscription_block":false,"_hostinger_reach_plugin_is_elementor":false,"_links":{"self":[{"href":"https:\/\/tradepark.com.br\/new\/wp-json\/wp\/v2\/pages\/7","targetHints":{"allow":["GET"]}}],"collection":[{"href":"https:\/\/tradepark.com.br\/new\/wp-json\/wp\/v2\/pages"}],"about":[{"href":"https:\/\/tradepark.com.br\/new\/wp-json\/wp\/v2\/types\/page"}],"author":[{"embeddable":true,"href":"https:\/\/tradepark.com.br\/new\/wp-json\/wp\/v2\/users\/1"}],"replies":[{"embeddable":true,"href":"https:\/\/tradepark.com.br\/new\/wp-json\/wp\/v2\/comments?post=7"}],"version-history":[{"count":122,"href":"https:\/\/tradepark.com.br\/new\/wp-json\/wp\/v2\/pages\/7\/revisions"}],"predecessor-version":[{"id":569,"href":"https:\/\/tradepark.com.br\/new\/wp-json\/wp\/v2\/pages\/7\/revisions\/569"}],"wp:attachment":[{"href":"https:\/\/tradepark.com.br\/new\/wp-json\/wp\/v2\/media?parent=7"}],"curies":[{"name":"wp","href":"https:\/\/api.w.org\/{rel}","templated":true}]}}